{"id":6210,"date":"2025-11-03T23:31:25","date_gmt":"2025-11-03T23:31:25","guid":{"rendered":"https:\/\/cliostones.com\/?page_id=6210"},"modified":"2025-11-19T11:18:06","modified_gmt":"2025-11-19T11:18:06","slug":"heim","status":"publish","type":"page","link":"https:\/\/cliostones.com\/de\/","title":{"rendered":"Heim"},"content":{"rendered":"\t\t<div data-elementor-type=\"wp-page\" data-elementor-id=\"6210\" class=\"elementor elementor-6210 elementor-1832\" data-elementor-post-type=\"page\">\n\t\t\t\t<div class=\"elementor-element elementor-element-28749d2 e-con-full elementor-hidden-tablet elementor-hidden-mobile e-flex e-con e-parent\" data-id=\"28749d2\" data-element_type=\"container\" data-settings=\"{&quot;background_background&quot;:&quot;classic&quot;}\">\n\t\t\t\t<div class=\"elementor-element elementor-element-2c5846f hero-banner elementor-widget elementor-widget-rr_slider_main\" data-id=\"2c5846f\" data-element_type=\"widget\" id=\"hero-banner\" data-widget_type=\"rr_slider_main.default\">\n\t\t\t\t<div class=\"elementor-widget-container\">\n\t\t\t\t\t\r\n<!--banner-4 area start -->\r\n<section class=\"banner-4 ele-section\">\r\n    <div class=\"container\"> \r\n        <div class=\"banner-4__slide\">\r\n                        <div class=\"banner-4__item\" data-background=\"https:\/\/cliostones.com\/wp-content\/uploads\/2025\/11\/cliostones-hero-banner.webp.webp\">\r\n                <div class=\"banner-4__content\">\r\n                    <h2 class=\"banner-4__content-title text-white ele-heading\"><\/h2>                                        <div class=\"des ele-desc\">\u00c4gyptischer Granit \u2014 geformt von der Geschichte<\/div>\r\n                    \r\n                    <div class=\"banner-4__content__btn-box\">\r\n                                                <a class=\"rr-btn rr-el-btn\" href=\"https:\/\/cliostones.com\/contact\/\">\r\n                            <span class=\"btn-wrap\">\r\n                                <span class=\"text-one\">Kontaktieren Sie uns<\/span>\r\n                                <span class=\"text-two\">Kontaktieren Sie uns<\/span>\r\n                            <\/span>\r\n                        <\/a>\r\n                                                                    <\/div>\r\n                <\/div>\r\n            <\/div>\r\n                        <div class=\"banner-4__item\" data-background=\"https:\/\/cliostones.com\/wp-content\/uploads\/2025\/11\/granite-marble-quartz-egypt-banner.webp.webp\">\r\n                <div class=\"banner-4__content\">\r\n                    <h2 class=\"banner-4__content-title text-white ele-heading banner-4__content-title text-white ele-heading\"><\/h2>                                        <div class=\"des ele-desc\">Eleganz aus \u00c4gypten geboren<\/div>\r\n                    \r\n                    <div class=\"banner-4__content__btn-box\">\r\n                                                <a class=\"rr-btn rr-el-btn\" href=\"\">\r\n                            <span class=\"btn-wrap\">\r\n                                <span class=\"text-one\">Kontaktieren Sie uns<\/span>\r\n                                <span class=\"text-two\">Kontaktieren Sie uns<\/span>\r\n                            <\/span>\r\n                        <\/a>\r\n                                                                    <\/div>\r\n                <\/div>\r\n            <\/div>\r\n                        <div class=\"banner-4__item\" data-background=\"https:\/\/cliostones.com\/wp-content\/uploads\/2025\/11\/egyptian-stone-export-banner.webp.webp\">\r\n                <div class=\"banner-4__content\">\r\n                    <h2 class=\"banner-4__content-title text-white ele-heading banner-4__content-title text-white ele-heading banner-4__content-title text-white ele-heading\"><\/h2>                                        <div class=\"des ele-desc\">Eine Waschtischplatte, die jedem Raum m\u00fchelose Eleganz und moderne Sch\u00f6nheit verleiht.<\/div>\r\n                    \r\n                    <div class=\"banner-4__content__btn-box\">\r\n                                                <a class=\"rr-btn rr-el-btn\" href=\"\">\r\n                            <span class=\"btn-wrap\">\r\n                                <span class=\"text-one\">Kontaktieren Sie uns<\/span>\r\n                                <span class=\"text-two\">Kontaktieren Sie uns<\/span>\r\n                            <\/span>\r\n                        <\/a>\r\n                                                                    <\/div>\r\n                <\/div>\r\n            <\/div>\r\n                        <div class=\"banner-4__item\" data-background=\"https:\/\/cliostones.com\/wp-content\/uploads\/2025\/11\/premium-stone-countertops-banner.webp.webp\">\r\n                <div class=\"banner-4__content\">\r\n                    <h2 class=\"banner-4__content-title text-white ele-heading banner-4__content-title text-white ele-heading banner-4__content-title text-white ele-heading banner-4__content-title text-white ele-heading\"><\/h2>                                        <div class=\"des ele-desc\">Eine Arbeitsplatte, gefertigt f\u00fcr Eleganz und dauerhafte Sch\u00f6nheit<\/div>\r\n                    \r\n                    <div class=\"banner-4__content__btn-box\">\r\n                                                <a class=\"rr-btn rr-el-btn\" href=\"https:\/\/cliostones.com\/?lang=de\">\r\n                            <span class=\"btn-wrap\">\r\n                                <span class=\"text-one\">Kontaktieren Sie uns<\/span>\r\n                                <span class=\"text-two\">Kontaktieren Sie uns<\/span>\r\n                            <\/span>\r\n                        <\/a>\r\n                                                                    <\/div>\r\n                <\/div>\r\n            <\/div>\r\n                    <\/div>\r\n\r\n        <div class=\"banner-4__button\">\r\n            <button class=\"prev\"><i class=\"fa-solid fa-arrow-left\"><\/i><\/button>\r\n            <button class=\"next\"><i class=\"fa-solid fa-arrow-right\"><\/i><\/button>\r\n        <\/div>\r\n\r\n    <\/div>\r\n<\/section>\r\n<!--banner-4 area start -->\r\n\t\t\t\t<\/div>\n\t\t\t\t<\/div>\n\t\t\t\t<\/div>\n\t\t<div class=\"elementor-element elementor-element-c3bec42 e-con-full elementor-hidden-desktop e-flex e-con e-parent\" data-id=\"c3bec42\" data-element_type=\"container\" data-settings=\"{&quot;background_background&quot;:&quot;classic&quot;}\">\n\t\t\t\t<div class=\"elementor-element elementor-element-608c37e hero-banner elementor-widget elementor-widget-rr_slider_main\" data-id=\"608c37e\" data-element_type=\"widget\" data-widget_type=\"rr_slider_main.default\">\n\t\t\t\t<div class=\"elementor-widget-container\">\n\t\t\t\t\t\r\n<!--banner-4 area start -->\r\n<section class=\"banner-4 ele-section\">\r\n    <div class=\"container\"> \r\n        <div class=\"banner-4__slide\">\r\n                        <div class=\"banner-4__item\" data-background=\"\">\r\n                <div class=\"banner-4__content\">\r\n                    <h2 class=\"banner-4__content-title text-white ele-heading\"><\/h2>                                        <div class=\"des ele-desc\">\u00c4gyptischer Granit \u2014 geformt von der Geschichte<\/div>\r\n                    \r\n                    <div class=\"banner-4__content__btn-box\">\r\n                                                <a class=\"rr-btn rr-el-btn\" href=\"https:\/\/cliostones.com\/kontakt\/?lang=de\">\r\n                            <span class=\"btn-wrap\">\r\n                                <span class=\"text-one\">Nehmen Sie Kontakt auf<\/span>\r\n                                <span class=\"text-two\">Nehmen Sie Kontakt auf<\/span>\r\n                            <\/span>\r\n                        <\/a>\r\n                                                                        <a class=\"rr-btn rr-btn-white rr-el-btn\"\r\n                            href=\"\">\r\n                            <span class=\"btn-wrap\">\r\n                                <span class=\"text-one\">Anwendung<\/span>\r\n                                <span class=\"text-two\">Anwendung<\/span>\r\n                            <\/span>\r\n                        <\/a>\r\n                                            <\/div>\r\n                <\/div>\r\n            <\/div>\r\n                        <div class=\"banner-4__item\" data-background=\"\">\r\n                <div class=\"banner-4__content\">\r\n                    <h2 class=\"banner-4__content-title text-white ele-heading banner-4__content-title text-white ele-heading\"><\/h2>                                        <div class=\"des ele-desc\">Eleganz aus \u00c4gypten geboren<\/div>\r\n                    \r\n                    <div class=\"banner-4__content__btn-box\">\r\n                                                <a class=\"rr-btn rr-el-btn\" href=\"https:\/\/cliostones.com\/kontakt\/?lang=de\">\r\n                            <span class=\"btn-wrap\">\r\n                                <span class=\"text-one\">Nehmen Sie Kontakt auf<\/span>\r\n                                <span class=\"text-two\">Nehmen Sie Kontakt auf<\/span>\r\n                            <\/span>\r\n                        <\/a>\r\n                                                                    <\/div>\r\n                <\/div>\r\n            <\/div>\r\n                        <div class=\"banner-4__item\" data-background=\"\">\r\n                <div class=\"banner-4__content\">\r\n                    <h2 class=\"banner-4__content-title text-white ele-heading banner-4__content-title text-white ele-heading banner-4__content-title text-white ele-heading\"><\/h2>                                        <div class=\"des ele-desc\">Eine Waschtischplatte, die jedem Raum m\u00fchelose Eleganz und moderne Sch\u00f6nheit verleiht<\/div>\r\n                    \r\n                    <div class=\"banner-4__content__btn-box\">\r\n                                                <a class=\"rr-btn rr-el-btn\" href=\"https:\/\/cliostones.com\/kontakt\/?lang=de\">\r\n                            <span class=\"btn-wrap\">\r\n                                <span class=\"text-one\">Nehmen Sie Kontakt auf<\/span>\r\n                                <span class=\"text-two\">Nehmen Sie Kontakt auf<\/span>\r\n                            <\/span>\r\n                        <\/a>\r\n                                                                    <\/div>\r\n                <\/div>\r\n            <\/div>\r\n                        <div class=\"banner-4__item\" data-background=\"\">\r\n                <div class=\"banner-4__content\">\r\n                    <h2 class=\"banner-4__content-title text-white ele-heading banner-4__content-title text-white ele-heading banner-4__content-title text-white ele-heading banner-4__content-title text-white ele-heading\"><\/h2>                                        <div class=\"des ele-desc\">Eine Arbeitsplatte, gefertigt f\u00fcr Eleganz und dauerhafte Sch\u00f6nheit<\/div>\r\n                    \r\n                    <div class=\"banner-4__content__btn-box\">\r\n                                                <a class=\"rr-btn rr-el-btn\" href=\"https:\/\/cliostones.com\/kontakt\/?lang=de\">\r\n                            <span class=\"btn-wrap\">\r\n                                <span class=\"text-one\">Nehmen Sie Kontakt auf<\/span>\r\n                                <span class=\"text-two\">Nehmen Sie Kontakt auf<\/span>\r\n                            <\/span>\r\n                        <\/a>\r\n                                                                    <\/div>\r\n                <\/div>\r\n            <\/div>\r\n                    <\/div>\r\n\r\n        <div class=\"banner-4__button\">\r\n            <button class=\"prev\"><i class=\"fa-solid fa-arrow-left\"><\/i><\/button>\r\n            <button class=\"next\"><i class=\"fa-solid fa-arrow-right\"><\/i><\/button>\r\n        <\/div>\r\n\r\n    <\/div>\r\n<\/section>\r\n<!--banner-4 area start -->\r\n\t\t\t\t<\/div>\n\t\t\t\t<\/div>\n\t\t\t\t<\/div>\n\t\t<div class=\"elementor-element elementor-element-3c24f70 e-con-full e-flex e-con e-parent\" data-id=\"3c24f70\" data-element_type=\"container\">\n\t\t\t\t<div class=\"elementor-element elementor-element-1239723 elementor-widget elementor-widget-about\" data-id=\"1239723\" data-element_type=\"widget\" data-widget_type=\"about.default\">\n\t\t\t\t<div class=\"elementor-widget-container\">\n\t\t\t\t\t\r\n<!--about-us-4 area start -->\r\n<section class=\"about-us-4 section-space overflow-hidden rr-el-section\">\r\n    <div class=\"container\">\r\n        <div class=\"row\">\r\n            <div class=\"col-lg-6\">\r\n                <div class=\"about-us-4__content\">\r\n                                        <div class=\"section-2__title-wrapper mb-20\">\r\n                                                <span\r\n                            class=\"section-2__subtitle mb-10 rr-el-sub-title\">\u00dcber uns                        <\/span>\r\n                                                <h2 class=\"section-2__title text-capitalize title-animation rr-el-title\">Willkommen in unserem Unternehmen<\/h2>                    <\/div>\r\n                                        <p class=\"text-capitalize rr-el-desc\">Gegr\u00fcndet im Jahr 2016 hat sich ClioStones zu einem der f\u00fchrenden Exporteure von hochwertigem Granit, Marmor und Quarz f\u00fcr globale M\u00e4rkte in \u00c4gypten entwickelt. Wir arbeiten nach einem einzigartigen Produktionsmodell, bei dem wir ausschlie\u00dflich mit den modernsten und pr\u00e4zisesten Fertigungsanlagen des Landes zusammenarbeiten. Diese Anlagen werden unseren Kundenprojekten zugewiesen und unter unserer vollst\u00e4ndigen technischen Aufsicht betrieben \u2013 was eine gleichbleibende Qualit\u00e4t, strenge Standards und eine termingerechte Ausf\u00fchrung gew\u00e4hrleistet.\n\nJeder Auftrag wird gem\u00e4\u00df unserem internen Qualit\u00e4tsmanagementsystem gefertigt, das die Handwerkskunst der f\u00fchrenden \u00e4gyptischen Fabriken mit der technischen Expertise von Clio Stones, strikten Inspektionsprotokollen und h\u00f6chster Detailgenauigkeit vereint.\n\nVom Herzen \u00c4gyptens zu internationalen M\u00e4rkten liefern wir Oberfl\u00e4chen, die Best\u00e4ndigkeit, Eleganz und dauerhaften Wert verk\u00f6rpern. Clio Stones ist mehr als nur ein Lieferant \u2013 wir sind ein verl\u00e4sslicher Produktionspartner, der sich der Aufgabe verschrieben hat, Naturstein in architektonische Werke zu verwandeln, die inspirieren und Bestand haben.                    <\/p>\r\n                                                                                <div class=\"about-us-4__wrapper mb-40 mb-xs-20\">\r\n                                                <div class=\"about-us-4__item\">\r\n                                                        <div class=\"about-us-4__item-text\">\r\n                                                                                            <\/div>\r\n                        <\/div>\r\n                                            <\/div>\r\n                                                            <a href=\"https:\/\/wp.rrdevs.net\/cliostones\/about-us\/\" class=\"rr-btn rr-el-btn\" target=\"_blank\" rel=\"noopener\">\r\n                        <span class=\"btn-wrap\">\r\n                            <span\r\n                                class=\"text-one rr-el-btn\">Weitere Details<\/span>\r\n                            <span\r\n                                class=\"text-two rr-el-btn\">Weitere Details<\/span>\r\n                        <\/span>\r\n                    <\/a>\r\n                                    <\/div>\r\n            <\/div>\r\n\r\n            <div class=\"col-lg-6\">\r\n                <div class=\"about-us-4__media clip-a-z\">\r\n                                        <img decoding=\"async\" class=\"wow clip-a-z\" src=\"https:\/\/cliostones.com\/wp-content\/uploads\/2025\/11\/cliostones-granite-factory-egypt-production-line.webp.webp\"\r\n                        alt=\"\">\r\n                                                        <\/div>\r\n            <\/div>\r\n        <\/div>\r\n    <\/div>\r\n<\/section>\r\n<!--about-us-4 area end -->\r\n\t\t\t\t<\/div>\n\t\t\t\t<\/div>\n\t\t\t\t<\/div>\n\t\t<div class=\"elementor-element elementor-element-df939c7 e-flex e-con-boxed e-con e-parent\" data-id=\"df939c7\" data-element_type=\"container\">\n\t\t\t\t\t<div class=\"e-con-inner\">\n\t\t<div class=\"elementor-element elementor-element-df3080d e-con-full e-flex e-con e-child\" data-id=\"df3080d\" data-element_type=\"container\">\n\t\t\t\t<div class=\"elementor-element elementor-element-a285dba elementor-widget elementor-widget-video\" data-id=\"a285dba\" data-element_type=\"widget\" data-settings=\"{&quot;video_type&quot;:&quot;dailymotion&quot;,&quot;controls&quot;:&quot;yes&quot;}\" data-widget_type=\"video.default\">\n\t\t\t\t<div class=\"elementor-widget-container\">\n\t\t\t\t\t\t\t<div class=\"elementor-wrapper elementor-open-inline\">\n\t\t\t<iframe class=\"elementor-video-iframe\" allowfullscreen allow=\"clipboard-write\" title=\"dailymotion Video Player\" src=\"https:\/\/dailymotion.com\/embed\/video\/x9senjw?ui-highlight&amp;start&amp;endscreen-enable=0&amp;controls=1&amp;mute=0&amp;ui-start-screen-info=1&amp;ui-logo=1\"><\/iframe>\t\t<\/div>\n\t\t\t\t\t\t<\/div>\n\t\t\t\t<\/div>\n\t\t\t\t<\/div>\n\t\t<div class=\"elementor-element elementor-element-920ae69 e-con-full e-flex e-con e-child\" data-id=\"920ae69\" data-element_type=\"container\">\n\t\t\t\t<div class=\"elementor-element elementor-element-ae8f1cd elementor-widget elementor-widget-heading\" data-id=\"ae8f1cd\" data-element_type=\"widget\" data-widget_type=\"heading.default\">\n\t\t\t\t<div class=\"elementor-widget-container\">\n\t\t\t\t\t<h2 class=\"elementor-heading-title elementor-size-default\">\u00c4gyptens feinster Marmor und Granit \u2013 geschaffen f\u00fcr zeitlose Architektur<\/h2>\t\t\t\t<\/div>\n\t\t\t\t<\/div>\n\t\t\t\t<div class=\"elementor-element elementor-element-0b051e4 elementor-widget elementor-widget-text-editor\" data-id=\"0b051e4\" data-element_type=\"widget\" data-widget_type=\"text-editor.default\">\n\t\t\t\t<div class=\"elementor-widget-container\">\n\t\t\t\t\t\t\t\t\t<p>Der Industriekomplex z\u00e4hlt zu den gr\u00f6\u00dften und modernsten Steinverarbeitungsanlagen im Nahen Osten. Er erstreckt sich \u00fcber fast 5 Millionen m\u00b2 und umfasst mehrere spezialisierte Werke, die mit modernster italienischer Pedrini-Technologie ausgestattet sind. Die Anlage erreicht eine j\u00e4hrliche Produktionskapazit\u00e4t von \u00fcber 30 Millionen m\u00b2 Marmor und 1 Million m\u00b2 Granit. Unterst\u00fctzt wird dies durch ein umfassendes System mit 96 Schwerblocks\u00e4gen, 80 Blockschneidern, 8 Epoxid-Turm-Bearbeitungslinien, 24 Plattenbearbeitungslinien und Pr\u00e4zisionswerkst\u00e4tten mit CNC- und Wasserstrahlschneidzentren f\u00fcr architektonische Details. Die Betriebsabl\u00e4ufe werden digital \u00fcber eine zentrale ERP\/SCADA-Plattform gesteuert, die Qualit\u00e4tskontrolle, Effizienz und vollst\u00e4ndige R\u00fcckverfolgbarkeit \u00fcber alle Produktionsstufen hinweg gew\u00e4hrleistet. Gleichzeitig wird die Nachhaltigkeit durch moderne Wasserrecyclinganlagen mit einer Kapazit\u00e4t von 30.000 m\u00b3\/Stunde sichergestellt. In diesem hochmodernen Komplex werden die Produktionsauftr\u00e4ge von Clio Stones nach denselben strengen technischen Standards gefertigt. Dabei kommen die in Italien entwickelten Pedrini-Systeme zum Einsatz, die Konsistenz, hochpr\u00e4zise Verarbeitung und erstklassige Exportqualit\u00e4t garantieren \u2013 ma\u00dfgeschneidert f\u00fcr internationale Gro\u00dfprojekte.<\/p>\t\t\t\t\t\t\t\t<\/div>\n\t\t\t\t<\/div>\n\t\t\t\t<\/div>\n\t\t\t\t\t<\/div>\n\t\t\t\t<\/div>\n\t\t<div class=\"elementor-element elementor-element-277afea e-con-full e-flex e-con e-parent\" data-id=\"277afea\" data-element_type=\"container\" data-settings=\"{&quot;background_background&quot;:&quot;classic&quot;}\">\n\t\t\t\t<div class=\"elementor-element elementor-element-e1dcc44 elementor-widget elementor-widget-rr-fact\" data-id=\"e1dcc44\" data-element_type=\"widget\" data-widget_type=\"rr-fact.default\">\n\t\t\t\t<div class=\"elementor-widget-container\">\n\t\t\t\t\t\r\n\r\n<!-- experience start -->\r\n<section class=\"experience\" data-background=\"https:\/\/cliostones.com\/wp-content\/uploads\/2024\/09\/experience-bg.jpg\">\r\n    <div class=\"container\">\r\n        <div class=\"experience__item-wrapper\">\r\n                        <div class=\"experience__item\">\r\n                <div class=\"experience__item-content\">\r\n                    <div class=\"experience__item-content-icon\">\r\n                                                                        <span>\r\n                            <img decoding=\"async\" src=\"https:\/\/wp.rrdevs.net\/artima\/wp-content\/uploads\/2024\/09\/icon-3.png\"\r\n                                alt=\"\">\r\n                        <\/span>\r\n                                                                    <\/div>\r\n                    <div class=\"experience__item-content-text\">\r\n                                                <h6 class=\"title-animation\">Jahre Erfahrung<\/h6>\r\n                                                <h2><span class=\"odometer\"\r\n                                data-count=\"10\">0<\/span>+                        <\/h2>\r\n                    <\/div>\r\n                <\/div>\r\n            <\/div>\r\n                        <div class=\"experience__item\">\r\n                <div class=\"experience__item-content\">\r\n                    <div class=\"experience__item-content-icon\">\r\n                                                                        <span>\r\n                            <img decoding=\"async\" src=\"https:\/\/wp.rrdevs.net\/artima\/wp-content\/uploads\/2024\/09\/icon-4.png\"\r\n                                alt=\"\">\r\n                        <\/span>\r\n                                                                    <\/div>\r\n                    <div class=\"experience__item-content-text\">\r\n                                                <h6 class=\"title-animation\">Erfolgsprojekte<\/h6>\r\n                                                <h2><span class=\"odometer\"\r\n                                data-count=\"600\">0<\/span>+                        <\/h2>\r\n                    <\/div>\r\n                <\/div>\r\n            <\/div>\r\n                        <div class=\"experience__item\">\r\n                <div class=\"experience__item-content\">\r\n                    <div class=\"experience__item-content-icon\">\r\n                                                                        <span>\r\n                            <img decoding=\"async\" src=\"https:\/\/wp.rrdevs.net\/artima\/wp-content\/uploads\/2024\/09\/Group-2.png\"\r\n                                alt=\"\">\r\n                        <\/span>\r\n                                                                    <\/div>\r\n                    <div class=\"experience__item-content-text\">\r\n                                                <h6 class=\"title-animation\">Teammitglieder<\/h6>\r\n                                                <h2><span class=\"odometer\"\r\n                                data-count=\"40\">0<\/span>+                        <\/h2>\r\n                    <\/div>\r\n                <\/div>\r\n            <\/div>\r\n                        <div class=\"experience__item\">\r\n                <div class=\"experience__item-content\">\r\n                    <div class=\"experience__item-content-icon\">\r\n                                                                        <span>\r\n                            <img decoding=\"async\" src=\"https:\/\/wp.rrdevs.net\/artima\/wp-content\/uploads\/2024\/09\/Vector-2.png\"\r\n                                alt=\"\">\r\n                        <\/span>\r\n                                                                    <\/div>\r\n                    <div class=\"experience__item-content-text\">\r\n                                                <h6 class=\"title-animation\">Kundenzufriedenheit<\/h6>\r\n                                                <h2><span class=\"odometer\"\r\n                                data-count=\"500\">0<\/span>+                        <\/h2>\r\n                    <\/div>\r\n                <\/div>\r\n            <\/div>\r\n                    <\/div>\r\n    <\/div>\r\n<\/section>\r\n<!-- experience end -->\r\n\t\t\t\t<\/div>\n\t\t\t\t<\/div>\n\t\t\t\t<\/div>\n\t\t\t\t<\/div>\n\t\t","protected":false},"excerpt":{"rendered":"<p>\u00c4gyptischer Granit \u2014 geformt von der Geschichte Kontaktieren Sie uns Kontaktieren Sie uns Eleganz aus \u00c4gypten geboren Kontaktieren Sie uns Kontaktieren Sie uns Eine Waschtischplatte, die jedem Raum m\u00fchelose Eleganz und moderne Sch\u00f6nheit verleiht. Kontaktieren Sie uns Kontaktieren Sie uns Eine Arbeitsplatte, gefertigt f\u00fcr Eleganz und dauerhafte Sch\u00f6nheit Kontaktieren Sie uns Kontaktieren Sie uns \u00c4gyptischer [&hellip;]<\/p>\n","protected":false},"author":1,"featured_media":0,"parent":0,"menu_order":0,"comment_status":"closed","ping_status":"closed","template":"elementor_header_footer","meta":{"footnotes":""},"class_list":["post-6210","page","type-page","status-publish","hentry"],"_links":{"self":[{"href":"https:\/\/cliostones.com\/de\/wp-json\/wp\/v2\/pages\/6210","targetHints":{"allow":["GET"]}}],"collection":[{"href":"https:\/\/cliostones.com\/de\/wp-json\/wp\/v2\/pages"}],"about":[{"href":"https:\/\/cliostones.com\/de\/wp-json\/wp\/v2\/types\/page"}],"author":[{"embeddable":true,"href":"https:\/\/cliostones.com\/de\/wp-json\/wp\/v2\/users\/1"}],"replies":[{"embeddable":true,"href":"https:\/\/cliostones.com\/de\/wp-json\/wp\/v2\/comments?post=6210"}],"version-history":[{"count":56,"href":"https:\/\/cliostones.com\/de\/wp-json\/wp\/v2\/pages\/6210\/revisions"}],"predecessor-version":[{"id":7961,"href":"https:\/\/cliostones.com\/de\/wp-json\/wp\/v2\/pages\/6210\/revisions\/7961"}],"wp:attachment":[{"href":"https:\/\/cliostones.com\/de\/wp-json\/wp\/v2\/media?parent=6210"}],"curies":[{"name":"wp","href":"https:\/\/api.w.org\/{rel}","templated":true}]}}