{"id":6251,"date":"2025-11-04T00:24:56","date_gmt":"2025-11-04T00:24:56","guid":{"rendered":"https:\/\/cliostones.com\/?page_id=6251"},"modified":"2025-11-19T10:55:41","modified_gmt":"2025-11-19T10:55:41","slug":"arbeitsplatte-2","status":"publish","type":"page","link":"https:\/\/cliostones.com\/de\/arbeitsplatte-2\/","title":{"rendered":"Arbeitsplatte"},"content":{"rendered":"\t\t<div data-elementor-type=\"wp-page\" data-elementor-id=\"6251\" class=\"elementor elementor-6251 elementor-2790\" data-elementor-post-type=\"page\">\n\t\t\t\t<div class=\"elementor-element elementor-element-78fff860 e-con-full elementor-hidden-tablet elementor-hidden-mobile e-flex e-con e-parent\" data-id=\"78fff860\" data-element_type=\"container\" data-settings=\"{&quot;background_background&quot;:&quot;classic&quot;}\">\n\t\t\t\t<\/div>\n\t\t<div class=\"elementor-element elementor-element-161087bf e-con-full elementor-hidden-desktop e-flex e-con e-parent\" data-id=\"161087bf\" data-element_type=\"container\" data-settings=\"{&quot;background_background&quot;:&quot;classic&quot;}\">\n\t\t\t\t<div class=\"elementor-element elementor-element-66cdac29 elementor-widget elementor-widget-heading\" data-id=\"66cdac29\" data-element_type=\"widget\" data-widget_type=\"heading.default\">\n\t\t\t\t<div class=\"elementor-widget-container\">\n\t\t\t\t\t<h2 class=\"elementor-heading-title elementor-size-default\">Arbeitsplatte<\/h2>\t\t\t\t<\/div>\n\t\t\t\t<\/div>\n\t\t\t\t<\/div>\n\t\t<div class=\"elementor-element elementor-element-373d3263 e-con-full e-flex e-con e-parent\" data-id=\"373d3263\" data-element_type=\"container\">\n\t\t\t\t<div class=\"elementor-element elementor-element-6a923c62 elementor-widget elementor-widget-rr_portfolio_masonry\" data-id=\"6a923c62\" data-element_type=\"widget\" data-widget_type=\"rr_portfolio_masonry.default\">\n\t\t\t\t<div class=\"elementor-widget-container\">\n\t\t\t\t\t\r\n<section class=\"protfolio section-space__top rr-el-section\">\r\n    <div class=\"container\">\r\n        <div class=\"protfolio__tab masonary-menu\">\r\n            <button data-filter=\"*\" class=\"active\"> <\/button>\r\n                        <button class=\"rr-el-tab\"\r\n                data-filter=\".Arbeitsplatte \"><\/button>\r\n                    <\/div>\r\n\r\n        <div class=\"protfolio__item-wrapper\">\r\n            <div class=\"row grid mb-minus-30\">\r\n                                <div\r\n                    class=\"col-xl-4 col-lg-4 col-md-6 col-sm-12 grid-item Arbeitsplatte\">\r\n                    <div class=\"protfolio__item\">\r\n                                                <div class=\"protfolio__item-media \">\r\n                            <img decoding=\"async\" src=\"https:\/\/cliostones.com\/wp-content\/uploads\/2025\/10\/AswanBlack-countertop1-1.png\"\r\n                                alt=\"\">\r\n                        <\/div>\r\n                                                <a href=\"https:\/\/cliostones.com\/wp-content\/uploads\/2025\/10\/AswanBlack-countertop1-1.png\"\r\n                            class=\"protfolio__item-icon  popup-image\">\r\n                            <svg width=\"54\" height=\"54\" viewBox=\"0 0 54 54\" fill=\"none\"\r\n                                xmlns=\"http:\/\/www.w3.org\/2000\/svg\">\r\n                                <path d=\"M27 2V52\" stroke=\"white\" stroke-width=\"4\" stroke-linecap=\"round\"\r\n                                    stroke-linejoin=\"round\" \/>\r\n                                <path d=\"M2 27H52\" stroke=\"white\" stroke-width=\"4\" stroke-linecap=\"round\"\r\n                                    stroke-linejoin=\"round\" \/>\r\n                            <\/svg>\r\n                        <\/a>\r\n                        <div class=\"protfolio__item-text\">\r\n                                                        <span class=\"price rr-el-sub-title\">Arbeitsplatte<\/span>\r\n                                                        <h6 class=\"rr-el-box-title\">\r\n                                <a target=\"_blank\" rel=\"nofollow\"\r\n                                    href=\"#\">\r\n                                    Aswan Schwarz                                <\/a>\r\n                            <\/h6>\r\n                        <\/div>\r\n                    <\/div>\r\n                <\/div>\r\n                                <div\r\n                    class=\"col-xl-4 col-lg-4 col-md-6 col-sm-12 grid-item Arbeitsplatte\">\r\n                    <div class=\"protfolio__item\">\r\n                                                <div class=\"protfolio__item-media \">\r\n                            <img decoding=\"async\" src=\"https:\/\/cliostones.com\/wp-content\/uploads\/2025\/10\/BlackEmbre-COunterTop-1.png\"\r\n                                alt=\"\">\r\n                        <\/div>\r\n                                                <a href=\"https:\/\/cliostones.com\/wp-content\/uploads\/2025\/10\/BlackEmbre-COunterTop-1.png\"\r\n                            class=\"protfolio__item-icon  popup-image\">\r\n                            <svg width=\"54\" height=\"54\" viewBox=\"0 0 54 54\" fill=\"none\"\r\n                                xmlns=\"http:\/\/www.w3.org\/2000\/svg\">\r\n                                <path d=\"M27 2V52\" stroke=\"white\" stroke-width=\"4\" stroke-linecap=\"round\"\r\n                                    stroke-linejoin=\"round\" \/>\r\n                                <path d=\"M2 27H52\" stroke=\"white\" stroke-width=\"4\" stroke-linecap=\"round\"\r\n                                    stroke-linejoin=\"round\" \/>\r\n                            <\/svg>\r\n                        <\/a>\r\n                        <div class=\"protfolio__item-text\">\r\n                                                        <span class=\"price rr-el-sub-title\">Arbeitsplatte<\/span>\r\n                                                        <h6 class=\"rr-el-box-title\">\r\n                                <a target=\"_blank\" rel=\"nofollow\"\r\n                                    href=\"#\">\r\n                                    Schwarzer Marmor mit feiner Maserung                                <\/a>\r\n                            <\/h6>\r\n                        <\/div>\r\n                    <\/div>\r\n                <\/div>\r\n                                <div\r\n                    class=\"col-xl-4 col-lg-4 col-md-6 col-sm-12 grid-item Arbeitsplatte\">\r\n                    <div class=\"protfolio__item\">\r\n                                                <div class=\"protfolio__item-media \">\r\n                            <img decoding=\"async\" src=\"https:\/\/cliostones.com\/wp-content\/uploads\/2025\/10\/Gandolla-CounterTop-1.png\"\r\n                                alt=\"\">\r\n                        <\/div>\r\n                                                <a href=\"https:\/\/cliostones.com\/wp-content\/uploads\/2025\/10\/Gandolla-CounterTop-1.png\"\r\n                            class=\"protfolio__item-icon  popup-image\">\r\n                            <svg width=\"54\" height=\"54\" viewBox=\"0 0 54 54\" fill=\"none\"\r\n                                xmlns=\"http:\/\/www.w3.org\/2000\/svg\">\r\n                                <path d=\"M27 2V52\" stroke=\"white\" stroke-width=\"4\" stroke-linecap=\"round\"\r\n                                    stroke-linejoin=\"round\" \/>\r\n                                <path d=\"M2 27H52\" stroke=\"white\" stroke-width=\"4\" stroke-linecap=\"round\"\r\n                                    stroke-linejoin=\"round\" \/>\r\n                            <\/svg>\r\n                        <\/a>\r\n                        <div class=\"protfolio__item-text\">\r\n                                                        <span class=\"price rr-el-sub-title\">Arbeitsplatte<\/span>\r\n                                                        <h6 class=\"rr-el-box-title\">\r\n                                <a target=\"_blank\" rel=\"nofollow\"\r\n                                    href=\"#\">\r\n                                    Naturstein mit warmen Beiget\u00f6nen                                <\/a>\r\n                            <\/h6>\r\n                        <\/div>\r\n                    <\/div>\r\n                <\/div>\r\n                                <div\r\n                    class=\"col-xl-4 col-lg-4 col-md-6 col-sm-12 grid-item Arbeitsplatte\">\r\n                    <div class=\"protfolio__item\">\r\n                                                <div class=\"protfolio__item-media \">\r\n                            <img decoding=\"async\" src=\"https:\/\/cliostones.com\/wp-content\/uploads\/2025\/10\/Fersan-Red-countertop-1.png\"\r\n                                alt=\"\">\r\n                        <\/div>\r\n                                                <a href=\"https:\/\/cliostones.com\/wp-content\/uploads\/2025\/10\/Fersan-Red-countertop-1.png\"\r\n                            class=\"protfolio__item-icon  popup-image\">\r\n                            <svg width=\"54\" height=\"54\" viewBox=\"0 0 54 54\" fill=\"none\"\r\n                                xmlns=\"http:\/\/www.w3.org\/2000\/svg\">\r\n                                <path d=\"M27 2V52\" stroke=\"white\" stroke-width=\"4\" stroke-linecap=\"round\"\r\n                                    stroke-linejoin=\"round\" \/>\r\n                                <path d=\"M2 27H52\" stroke=\"white\" stroke-width=\"4\" stroke-linecap=\"round\"\r\n                                    stroke-linejoin=\"round\" \/>\r\n                            <\/svg>\r\n                        <\/a>\r\n                        <div class=\"protfolio__item-text\">\r\n                                                        <span class=\"price rr-el-sub-title\">Arbeitsplatte<\/span>\r\n                                                        <h6 class=\"rr-el-box-title\">\r\n                                <a target=\"_blank\" rel=\"nofollow\"\r\n                                    href=\"#\">\r\n                                    Roter Naturstein mit kr\u00e4ftigem Farbspiel                                <\/a>\r\n                            <\/h6>\r\n                        <\/div>\r\n                    <\/div>\r\n                <\/div>\r\n                                <div\r\n                    class=\"col-xl-4 col-lg-4 col-md-6 col-sm-12 grid-item Arbeitsplatte\">\r\n                    <div class=\"protfolio__item\">\r\n                                                <div class=\"protfolio__item-media \">\r\n                            <img decoding=\"async\" src=\"https:\/\/cliostones.com\/wp-content\/uploads\/2025\/10\/HodyRose-CounterTop-1.jpg\"\r\n                                alt=\"\">\r\n                        <\/div>\r\n                                                <a href=\"https:\/\/cliostones.com\/wp-content\/uploads\/2025\/10\/HodyRose-CounterTop-1.jpg\"\r\n                            class=\"protfolio__item-icon  popup-image\">\r\n                            <svg width=\"54\" height=\"54\" viewBox=\"0 0 54 54\" fill=\"none\"\r\n                                xmlns=\"http:\/\/www.w3.org\/2000\/svg\">\r\n                                <path d=\"M27 2V52\" stroke=\"white\" stroke-width=\"4\" stroke-linecap=\"round\"\r\n                                    stroke-linejoin=\"round\" \/>\r\n                                <path d=\"M2 27H52\" stroke=\"white\" stroke-width=\"4\" stroke-linecap=\"round\"\r\n                                    stroke-linejoin=\"round\" \/>\r\n                            <\/svg>\r\n                        <\/a>\r\n                        <div class=\"protfolio__item-text\">\r\n                                                        <span class=\"price rr-el-sub-title\">Arbeitsplatte<\/span>\r\n                                                        <h6 class=\"rr-el-box-title\">\r\n                                <a target=\"_blank\" rel=\"nofollow\"\r\n                                    href=\"#\">\r\n                                    Rosa Hody                                <\/a>\r\n                            <\/h6>\r\n                        <\/div>\r\n                    <\/div>\r\n                <\/div>\r\n                                <div\r\n                    class=\"col-xl-4 col-lg-4 col-md-6 col-sm-12 grid-item Arbeitsplatte\">\r\n                    <div class=\"protfolio__item\">\r\n                                                <div class=\"protfolio__item-media \">\r\n                            <img decoding=\"async\" src=\"https:\/\/cliostones.com\/wp-content\/uploads\/2025\/10\/GreenVerdy-countertop-1-1.png\"\r\n                                alt=\"\">\r\n                        <\/div>\r\n                                                <a href=\"https:\/\/cliostones.com\/wp-content\/uploads\/2025\/10\/GreenVerdy-countertop-1-1.png\"\r\n                            class=\"protfolio__item-icon  popup-image\">\r\n                            <svg width=\"54\" height=\"54\" viewBox=\"0 0 54 54\" fill=\"none\"\r\n                                xmlns=\"http:\/\/www.w3.org\/2000\/svg\">\r\n                                <path d=\"M27 2V52\" stroke=\"white\" stroke-width=\"4\" stroke-linecap=\"round\"\r\n                                    stroke-linejoin=\"round\" \/>\r\n                                <path d=\"M2 27H52\" stroke=\"white\" stroke-width=\"4\" stroke-linecap=\"round\"\r\n                                    stroke-linejoin=\"round\" \/>\r\n                            <\/svg>\r\n                        <\/a>\r\n                        <div class=\"protfolio__item-text\">\r\n                                                        <span class=\"price rr-el-sub-title\">Arbeitsplatte<\/span>\r\n                                                        <h6 class=\"rr-el-box-title\">\r\n                                <a target=\"_blank\" rel=\"nofollow\"\r\n                                    href=\"#\">\r\n                                    Gr\u00fcn Verdy                                <\/a>\r\n                            <\/h6>\r\n                        <\/div>\r\n                    <\/div>\r\n                <\/div>\r\n                                <div\r\n                    class=\"col-xl-4 col-lg-4 col-md-6 col-sm-12 grid-item Arbeitsplatte\">\r\n                    <div class=\"protfolio__item\">\r\n                                                <div class=\"protfolio__item-media \">\r\n                            <img decoding=\"async\" src=\"https:\/\/cliostones.com\/wp-content\/uploads\/2025\/10\/LightGray-CounterTop-1.png\"\r\n                                alt=\"\">\r\n                        <\/div>\r\n                                                <a href=\"https:\/\/cliostones.com\/wp-content\/uploads\/2025\/10\/LightGray-CounterTop-1.png\"\r\n                            class=\"protfolio__item-icon  popup-image\">\r\n                            <svg width=\"54\" height=\"54\" viewBox=\"0 0 54 54\" fill=\"none\"\r\n                                xmlns=\"http:\/\/www.w3.org\/2000\/svg\">\r\n                                <path d=\"M27 2V52\" stroke=\"white\" stroke-width=\"4\" stroke-linecap=\"round\"\r\n                                    stroke-linejoin=\"round\" \/>\r\n                                <path d=\"M2 27H52\" stroke=\"white\" stroke-width=\"4\" stroke-linecap=\"round\"\r\n                                    stroke-linejoin=\"round\" \/>\r\n                            <\/svg>\r\n                        <\/a>\r\n                        <div class=\"protfolio__item-text\">\r\n                                                        <span class=\"price rr-el-sub-title\">Arbeitsplatte<\/span>\r\n                                                        <h6 class=\"rr-el-box-title\">\r\n                                <a target=\"_blank\" rel=\"nofollow\"\r\n                                    href=\"#\">\r\n                                    Hellgrau                                <\/a>\r\n                            <\/h6>\r\n                        <\/div>\r\n                    <\/div>\r\n                <\/div>\r\n                                <div\r\n                    class=\"col-xl-4 col-lg-4 col-md-6 col-sm-12 grid-item Arbeitsplatte\">\r\n                    <div class=\"protfolio__item\">\r\n                                                <div class=\"protfolio__item-media \">\r\n                            <img decoding=\"async\" src=\"https:\/\/cliostones.com\/wp-content\/uploads\/2025\/10\/NewHalayeb-CounterTop-1.png\"\r\n                                alt=\"\">\r\n                        <\/div>\r\n                                                <a href=\"https:\/\/cliostones.com\/wp-content\/uploads\/2025\/10\/NewHalayeb-CounterTop-1.png\"\r\n                            class=\"protfolio__item-icon  popup-image\">\r\n                            <svg width=\"54\" height=\"54\" viewBox=\"0 0 54 54\" fill=\"none\"\r\n                                xmlns=\"http:\/\/www.w3.org\/2000\/svg\">\r\n                                <path d=\"M27 2V52\" stroke=\"white\" stroke-width=\"4\" stroke-linecap=\"round\"\r\n                                    stroke-linejoin=\"round\" \/>\r\n                                <path d=\"M2 27H52\" stroke=\"white\" stroke-width=\"4\" stroke-linecap=\"round\"\r\n                                    stroke-linejoin=\"round\" \/>\r\n                            <\/svg>\r\n                        <\/a>\r\n                        <div class=\"protfolio__item-text\">\r\n                                                        <span class=\"price rr-el-sub-title\">Arbeitsplatte<\/span>\r\n                                                        <h6 class=\"rr-el-box-title\">\r\n                                <a target=\"_blank\" rel=\"nofollow\"\r\n                                    href=\"#\">\r\n                                    Neu-Halayeb                                <\/a>\r\n                            <\/h6>\r\n                        <\/div>\r\n                    <\/div>\r\n                <\/div>\r\n                                <div\r\n                    class=\"col-xl-4 col-lg-4 col-md-6 col-sm-12 grid-item Arbeitsplatte\">\r\n                    <div class=\"protfolio__item\">\r\n                                                <div class=\"protfolio__item-media \">\r\n                            <img decoding=\"async\" src=\"https:\/\/cliostones.com\/wp-content\/uploads\/2025\/10\/PinkRose-CounterTop-1.png\"\r\n                                alt=\"\">\r\n                        <\/div>\r\n                                                <a href=\"https:\/\/cliostones.com\/wp-content\/uploads\/2025\/10\/PinkRose-CounterTop-1.png\"\r\n                            class=\"protfolio__item-icon  popup-image\">\r\n                            <svg width=\"54\" height=\"54\" viewBox=\"0 0 54 54\" fill=\"none\"\r\n                                xmlns=\"http:\/\/www.w3.org\/2000\/svg\">\r\n                                <path d=\"M27 2V52\" stroke=\"white\" stroke-width=\"4\" stroke-linecap=\"round\"\r\n                                    stroke-linejoin=\"round\" \/>\r\n                                <path d=\"M2 27H52\" stroke=\"white\" stroke-width=\"4\" stroke-linecap=\"round\"\r\n                                    stroke-linejoin=\"round\" \/>\r\n                            <\/svg>\r\n                        <\/a>\r\n                        <div class=\"protfolio__item-text\">\r\n                                                        <span class=\"price rr-el-sub-title\">Arbeitsplatte<\/span>\r\n                                                        <h6 class=\"rr-el-box-title\">\r\n                                <a target=\"_blank\" rel=\"nofollow\"\r\n                                    href=\"#\">\r\n                                    Arbeitsplatte                                <\/a>\r\n                            <\/h6>\r\n                        <\/div>\r\n                    <\/div>\r\n                <\/div>\r\n                                <div\r\n                    class=\"col-xl-4 col-lg-4 col-md-6 col-sm-12 grid-item Arbeitsplatte\">\r\n                    <div class=\"protfolio__item\">\r\n                                                <div class=\"protfolio__item-media \">\r\n                            <img decoding=\"async\" src=\"https:\/\/cliostones.com\/wp-content\/uploads\/2025\/10\/Red-aswan-countertop-1.png\"\r\n                                alt=\"\">\r\n                        <\/div>\r\n                                                <a href=\"https:\/\/cliostones.com\/wp-content\/uploads\/2025\/10\/Red-aswan-countertop-1.png\"\r\n                            class=\"protfolio__item-icon  popup-image\">\r\n                            <svg width=\"54\" height=\"54\" viewBox=\"0 0 54 54\" fill=\"none\"\r\n                                xmlns=\"http:\/\/www.w3.org\/2000\/svg\">\r\n                                <path d=\"M27 2V52\" stroke=\"white\" stroke-width=\"4\" stroke-linecap=\"round\"\r\n                                    stroke-linejoin=\"round\" \/>\r\n                                <path d=\"M2 27H52\" stroke=\"white\" stroke-width=\"4\" stroke-linecap=\"round\"\r\n                                    stroke-linejoin=\"round\" \/>\r\n                            <\/svg>\r\n                        <\/a>\r\n                        <div class=\"protfolio__item-text\">\r\n                                                        <span class=\"price rr-el-sub-title\">Arbeitsplatte<\/span>\r\n                                                        <h6 class=\"rr-el-box-title\">\r\n                                <a target=\"_blank\" rel=\"nofollow\"\r\n                                    href=\"#\">\r\n                                    Rot-Assuan                                <\/a>\r\n                            <\/h6>\r\n                        <\/div>\r\n                    <\/div>\r\n                <\/div>\r\n                                <div\r\n                    class=\"col-xl-4 col-lg-4 col-md-6 col-sm-12 grid-item Arbeitsplatte\">\r\n                    <div class=\"protfolio__item\">\r\n                                                <div class=\"protfolio__item-media \">\r\n                            <img decoding=\"async\" src=\"https:\/\/cliostones.com\/wp-content\/uploads\/2025\/10\/RoyalRed-CounterTop-1.png\"\r\n                                alt=\"\">\r\n                        <\/div>\r\n                                                <a href=\"https:\/\/cliostones.com\/wp-content\/uploads\/2025\/10\/RoyalRed-CounterTop-1.png\"\r\n                            class=\"protfolio__item-icon  popup-image\">\r\n                            <svg width=\"54\" height=\"54\" viewBox=\"0 0 54 54\" fill=\"none\"\r\n                                xmlns=\"http:\/\/www.w3.org\/2000\/svg\">\r\n                                <path d=\"M27 2V52\" stroke=\"white\" stroke-width=\"4\" stroke-linecap=\"round\"\r\n                                    stroke-linejoin=\"round\" \/>\r\n                                <path d=\"M2 27H52\" stroke=\"white\" stroke-width=\"4\" stroke-linecap=\"round\"\r\n                                    stroke-linejoin=\"round\" \/>\r\n                            <\/svg>\r\n                        <\/a>\r\n                        <div class=\"protfolio__item-text\">\r\n                                                        <span class=\"price rr-el-sub-title\">Arbeitsplatte<\/span>\r\n                                                        <h6 class=\"rr-el-box-title\">\r\n                                <a target=\"_blank\" rel=\"nofollow\"\r\n                                    href=\"#\">\r\n                                    Royal-Rot                                <\/a>\r\n                            <\/h6>\r\n                        <\/div>\r\n                    <\/div>\r\n                <\/div>\r\n                                <div\r\n                    class=\"col-xl-4 col-lg-4 col-md-6 col-sm-12 grid-item Arbeitsplatte\">\r\n                    <div class=\"protfolio__item\">\r\n                                                <div class=\"protfolio__item-media \">\r\n                            <img decoding=\"async\" src=\"https:\/\/cliostones.com\/wp-content\/uploads\/2025\/10\/WhiteSagafa-countertop-sfaga1-1.png\"\r\n                                alt=\"\">\r\n                        <\/div>\r\n                                                <a href=\"https:\/\/cliostones.com\/wp-content\/uploads\/2025\/10\/WhiteSagafa-countertop-sfaga1-1.png\"\r\n                            class=\"protfolio__item-icon  popup-image\">\r\n                            <svg width=\"54\" height=\"54\" viewBox=\"0 0 54 54\" fill=\"none\"\r\n                                xmlns=\"http:\/\/www.w3.org\/2000\/svg\">\r\n                                <path d=\"M27 2V52\" stroke=\"white\" stroke-width=\"4\" stroke-linecap=\"round\"\r\n                                    stroke-linejoin=\"round\" \/>\r\n                                <path d=\"M2 27H52\" stroke=\"white\" stroke-width=\"4\" stroke-linecap=\"round\"\r\n                                    stroke-linejoin=\"round\" \/>\r\n                            <\/svg>\r\n                        <\/a>\r\n                        <div class=\"protfolio__item-text\">\r\n                                                        <span class=\"price rr-el-sub-title\">Arbeitsplatte<\/span>\r\n                                                        <h6 class=\"rr-el-box-title\">\r\n                                <a target=\"_blank\" rel=\"nofollow\"\r\n                                    href=\"#\">\r\n                                    Wei\u00df Sagafa                                <\/a>\r\n                            <\/h6>\r\n                        <\/div>\r\n                    <\/div>\r\n                <\/div>\r\n                            <\/div>\r\n        <\/div>\r\n    <\/div>\r\n<\/section>\r\n\t\t\t\t<\/div>\n\t\t\t\t<\/div>\n\t\t\t\t<\/div>\n\t\t\t\t<\/div>\n\t\t","protected":false},"excerpt":{"rendered":"<p>Arbeitsplatte Arbeitsplatte Aswan Schwarz Arbeitsplatte Schwarzer Marmor mit feiner Maserung Arbeitsplatte Naturstein mit warmen Beiget\u00f6nen Arbeitsplatte Roter Naturstein mit kr\u00e4ftigem Farbspiel Arbeitsplatte Rosa Hody Arbeitsplatte Gr\u00fcn Verdy Arbeitsplatte Hellgrau Arbeitsplatte Neu-Halayeb Arbeitsplatte Arbeitsplatte Arbeitsplatte Rot-Assuan Arbeitsplatte Royal-Rot Arbeitsplatte Wei\u00df Sagafa<\/p>\n","protected":false},"author":1,"featured_media":0,"parent":0,"menu_order":0,"comment_status":"closed","ping_status":"closed","template":"elementor_header_footer","meta":{"footnotes":""},"class_list":["post-6251","page","type-page","status-publish","hentry"],"_links":{"self":[{"href":"https:\/\/cliostones.com\/de\/wp-json\/wp\/v2\/pages\/6251","targetHints":{"allow":["GET"]}}],"collection":[{"href":"https:\/\/cliostones.com\/de\/wp-json\/wp\/v2\/pages"}],"about":[{"href":"https:\/\/cliostones.com\/de\/wp-json\/wp\/v2\/types\/page"}],"author":[{"embeddable":true,"href":"https:\/\/cliostones.com\/de\/wp-json\/wp\/v2\/users\/1"}],"replies":[{"embeddable":true,"href":"https:\/\/cliostones.com\/de\/wp-json\/wp\/v2\/comments?post=6251"}],"version-history":[{"count":7,"href":"https:\/\/cliostones.com\/de\/wp-json\/wp\/v2\/pages\/6251\/revisions"}],"predecessor-version":[{"id":7764,"href":"https:\/\/cliostones.com\/de\/wp-json\/wp\/v2\/pages\/6251\/revisions\/7764"}],"wp:attachment":[{"href":"https:\/\/cliostones.com\/de\/wp-json\/wp\/v2\/media?parent=6251"}],"curies":[{"name":"wp","href":"https:\/\/api.w.org\/{rel}","templated":true}]}}