{"id":6212,"date":"2025-11-03T23:36:45","date_gmt":"2025-11-03T23:36:45","guid":{"rendered":"https:\/\/cliostones.com\/?page_id=6212"},"modified":"2025-11-23T13:36:19","modified_gmt":"2025-11-23T13:36:19","slug":"acasa","status":"publish","type":"page","link":"https:\/\/cliostones.com\/ro\/","title":{"rendered":"Acas\u0103"},"content":{"rendered":"\t\t<div data-elementor-type=\"wp-page\" data-elementor-id=\"6212\" class=\"elementor elementor-6212 elementor-1832\" data-elementor-post-type=\"page\">\n\t\t\t\t<div class=\"elementor-element elementor-element-28749d2 e-con-full elementor-hidden-tablet elementor-hidden-mobile e-flex e-con e-parent\" data-id=\"28749d2\" data-element_type=\"container\" data-settings=\"{&quot;background_background&quot;:&quot;classic&quot;}\">\n\t\t\t\t<div class=\"elementor-element elementor-element-2c5846f hero-banner elementor-widget elementor-widget-rr_slider_main\" data-id=\"2c5846f\" data-element_type=\"widget\" id=\"hero-banner\" data-widget_type=\"rr_slider_main.default\">\n\t\t\t\t<div class=\"elementor-widget-container\">\n\t\t\t\t\t\r\n<!--banner-4 area start -->\r\n<section class=\"banner-4 ele-section\">\r\n    <div class=\"container\"> \r\n        <div class=\"banner-4__slide\">\r\n                        <div class=\"banner-4__item\" data-background=\"https:\/\/cliostones.com\/wp-content\/uploads\/2025\/11\/cliostones-hero-banner.webp.webp\">\r\n                <div class=\"banner-4__content\">\r\n                    <h2 class=\"banner-4__content-title text-white ele-heading\"><\/h2>                                        <div class=\"des ele-desc\">Granit egiptean \u2014 creat de istorie<\/div>\r\n                    \r\n                    <div class=\"banner-4__content__btn-box\">\r\n                                                <a class=\"rr-btn rr-el-btn\" href=\"https:\/\/cliostones.com\/contactati-ne\/?lang=ro\">\r\n                            <span class=\"btn-wrap\">\r\n                                <span class=\"text-one\">Contacteaz\u0103-ne<\/span>\r\n                                <span class=\"text-two\">Contacteaz\u0103-ne<\/span>\r\n                            <\/span>\r\n                        <\/a>\r\n                                                                    <\/div>\r\n                <\/div>\r\n            <\/div>\r\n                        <div class=\"banner-4__item\" data-background=\"https:\/\/cliostones.com\/wp-content\/uploads\/2025\/11\/granite-marble-quartz-egypt-banner.webp.webp\">\r\n                <div class=\"banner-4__content\">\r\n                    <h2 class=\"banner-4__content-title text-white ele-heading banner-4__content-title text-white ele-heading\"><\/h2>                                        <div class=\"des ele-desc\">Elegan\u021b\u0103 n\u0103scut\u0103 \u00een Egipt<\/div>\r\n                    \r\n                    <div class=\"banner-4__content__btn-box\">\r\n                                                <a class=\"rr-btn rr-el-btn\" href=\"https:\/\/cliostones.com\/contactati-ne\/?lang=ro\">\r\n                            <span class=\"btn-wrap\">\r\n                                <span class=\"text-one\">Contacteaz\u0103-ne<\/span>\r\n                                <span class=\"text-two\">Contacteaz\u0103-ne<\/span>\r\n                            <\/span>\r\n                        <\/a>\r\n                                                                    <\/div>\r\n                <\/div>\r\n            <\/div>\r\n                        <div class=\"banner-4__item\" data-background=\"https:\/\/cliostones.com\/wp-content\/uploads\/2025\/11\/egyptian-stone-export-banner.webp.webp\">\r\n                <div class=\"banner-4__content\">\r\n                    <h2 class=\"banner-4__content-title text-white ele-heading banner-4__content-title text-white ele-heading banner-4__content-title text-white ele-heading\"><\/h2>                                        <div class=\"des ele-desc\">Un blat de baie care adaug\u0103 elegan\u021b\u0103 f\u0103r\u0103 efort \u0219i frumuse\u021be modern\u0103 oric\u0103rui spa\u021biu<\/div>\r\n                    \r\n                    <div class=\"banner-4__content__btn-box\">\r\n                                                <a class=\"rr-btn rr-el-btn\" href=\"https:\/\/cliostones.com\/contactati-ne\/?lang=ro\">\r\n                            <span class=\"btn-wrap\">\r\n                                <span class=\"text-one\">Contacteaz\u0103-ne<\/span>\r\n                                <span class=\"text-two\">Contacteaz\u0103-ne<\/span>\r\n                            <\/span>\r\n                        <\/a>\r\n                                                                    <\/div>\r\n                <\/div>\r\n            <\/div>\r\n                        <div class=\"banner-4__item\" data-background=\"https:\/\/cliostones.com\/wp-content\/uploads\/2025\/11\/premium-stone-countertops-banner.webp.webp\">\r\n                <div class=\"banner-4__content\">\r\n                    <h2 class=\"banner-4__content-title text-white ele-heading banner-4__content-title text-white ele-heading banner-4__content-title text-white ele-heading banner-4__content-title text-white ele-heading\"><\/h2>                                        <div class=\"des ele-desc\">Un blat realizat pentru elegan\u021b\u0103 \u0219i frumuse\u021be durabil\u0103<\/div>\r\n                    \r\n                    <div class=\"banner-4__content__btn-box\">\r\n                                                <a class=\"rr-btn rr-el-btn\" href=\"https:\/\/cliostones.com\/contactati-ne\/?lang=ro\">\r\n                            <span class=\"btn-wrap\">\r\n                                <span class=\"text-one\">Contacteaz\u0103-ne<\/span>\r\n                                <span class=\"text-two\">Contacteaz\u0103-ne<\/span>\r\n                            <\/span>\r\n                        <\/a>\r\n                                                                    <\/div>\r\n                <\/div>\r\n            <\/div>\r\n                    <\/div>\r\n\r\n        <div class=\"banner-4__button\">\r\n            <button class=\"prev\"><i class=\"fa-solid fa-arrow-left\"><\/i><\/button>\r\n            <button class=\"next\"><i class=\"fa-solid fa-arrow-right\"><\/i><\/button>\r\n        <\/div>\r\n\r\n    <\/div>\r\n<\/section>\r\n<!--banner-4 area start -->\r\n\t\t\t\t<\/div>\n\t\t\t\t<\/div>\n\t\t\t\t<\/div>\n\t\t<div class=\"elementor-element elementor-element-c3bec42 e-con-full elementor-hidden-desktop e-flex e-con e-parent\" data-id=\"c3bec42\" data-element_type=\"container\" data-settings=\"{&quot;background_background&quot;:&quot;classic&quot;}\">\n\t\t\t\t<div class=\"elementor-element elementor-element-608c37e hero-banner elementor-widget elementor-widget-rr_slider_main\" data-id=\"608c37e\" data-element_type=\"widget\" data-widget_type=\"rr_slider_main.default\">\n\t\t\t\t<div class=\"elementor-widget-container\">\n\t\t\t\t\t\r\n<!--banner-4 area start -->\r\n<section class=\"banner-4 ele-section\">\r\n    <div class=\"container\"> \r\n        <div class=\"banner-4__slide\">\r\n                        <div class=\"banner-4__item\" data-background=\"https:\/\/cliostones.com\/wp-content\/uploads\/2025\/11\/Quartz-Vanity.webp\">\r\n                <div class=\"banner-4__content\">\r\n                    <h2 class=\"banner-4__content-title text-white ele-heading\"><\/h2>                                        <div class=\"des ele-desc\">Granit egiptean \u2014 creat de istorie<\/div>\r\n                    \r\n                    <div class=\"banner-4__content__btn-box\">\r\n                                                <a class=\"rr-btn rr-el-btn\" href=\"https:\/\/cliostones.com\/contactati-ne\/?lang=ro\">\r\n                            <span class=\"btn-wrap\">\r\n                                <span class=\"text-one\">Contacteaz\u0103-ne<\/span>\r\n                                <span class=\"text-two\">Contacteaz\u0103-ne<\/span>\r\n                            <\/span>\r\n                        <\/a>\r\n                                                                    <\/div>\r\n                <\/div>\r\n            <\/div>\r\n                        <div class=\"banner-4__item\" data-background=\"https:\/\/cliostones.com\/wp-content\/uploads\/2025\/11\/quartz-Vanity-2.webp\">\r\n                <div class=\"banner-4__content\">\r\n                    <h2 class=\"banner-4__content-title text-white ele-heading banner-4__content-title text-white ele-heading\"><\/h2>                                        <div class=\"des ele-desc\">Elegan\u021b\u0103 n\u0103scut\u0103 \u00een Egipt<\/div>\r\n                    \r\n                    <div class=\"banner-4__content__btn-box\">\r\n                                                <a class=\"rr-btn rr-el-btn\" href=\"https:\/\/cliostones.com\/?lang=ro\">\r\n                            <span class=\"btn-wrap\">\r\n                                <span class=\"text-one\">Contacteaz\u0103-ne<\/span>\r\n                                <span class=\"text-two\">Contacteaz\u0103-ne<\/span>\r\n                            <\/span>\r\n                        <\/a>\r\n                                                                    <\/div>\r\n                <\/div>\r\n            <\/div>\r\n                        <div class=\"banner-4__item\" data-background=\"https:\/\/cliostones.com\/wp-content\/uploads\/2025\/11\/Fersan-Red-countertop.webp\">\r\n                <div class=\"banner-4__content\">\r\n                    <h2 class=\"banner-4__content-title text-white ele-heading banner-4__content-title text-white ele-heading banner-4__content-title text-white ele-heading\"><\/h2>                                        <div class=\"des ele-desc\">Un blat de baie care adaug\u0103 elegan\u021b\u0103 f\u0103r\u0103 efort \u0219i frumuse\u021be modern\u0103 oric\u0103rui spa\u021biu<\/div>\r\n                    \r\n                    <div class=\"banner-4__content__btn-box\">\r\n                                                <a class=\"rr-btn rr-el-btn\" href=\"\">\r\n                            <span class=\"btn-wrap\">\r\n                                <span class=\"text-one\">Contacteaz\u0103-ne<\/span>\r\n                                <span class=\"text-two\">Contacteaz\u0103-ne<\/span>\r\n                            <\/span>\r\n                        <\/a>\r\n                                                                    <\/div>\r\n                <\/div>\r\n            <\/div>\r\n                        <div class=\"banner-4__item\" data-background=\"https:\/\/cliostones.com\/wp-content\/uploads\/2025\/11\/bush-hammered2-1.webp\">\r\n                <div class=\"banner-4__content\">\r\n                    <h2 class=\"banner-4__content-title text-white ele-heading banner-4__content-title text-white ele-heading banner-4__content-title text-white ele-heading banner-4__content-title text-white ele-heading\"><\/h2>                                        <div class=\"des ele-desc\">Un blat realizat pentru elegan\u021b\u0103 \u0219i frumuse\u021be durabil\u0103\n<\/div>\r\n                    \r\n                    <div class=\"banner-4__content__btn-box\">\r\n                                                <a class=\"rr-btn rr-el-btn\" href=\"https:\/\/cliostones.com\/contactati-ne\/?lang=ro\">\r\n                            <span class=\"btn-wrap\">\r\n                                <span class=\"text-one\">Contacteaz\u0103-ne<\/span>\r\n                                <span class=\"text-two\">Contacteaz\u0103-ne<\/span>\r\n                            <\/span>\r\n                        <\/a>\r\n                                                                    <\/div>\r\n                <\/div>\r\n            <\/div>\r\n                    <\/div>\r\n\r\n        <div class=\"banner-4__button\">\r\n            <button class=\"prev\"><i class=\"fa-solid fa-arrow-left\"><\/i><\/button>\r\n            <button class=\"next\"><i class=\"fa-solid fa-arrow-right\"><\/i><\/button>\r\n        <\/div>\r\n\r\n    <\/div>\r\n<\/section>\r\n<!--banner-4 area start -->\r\n\t\t\t\t<\/div>\n\t\t\t\t<\/div>\n\t\t\t\t<\/div>\n\t\t<div class=\"elementor-element elementor-element-3c24f70 e-con-full e-flex e-con e-parent\" data-id=\"3c24f70\" data-element_type=\"container\">\n\t\t\t\t<div class=\"elementor-element elementor-element-1239723 elementor-widget elementor-widget-about\" data-id=\"1239723\" data-element_type=\"widget\" data-widget_type=\"about.default\">\n\t\t\t\t<div class=\"elementor-widget-container\">\n\t\t\t\t\t\r\n<!--about-us-4 area start -->\r\n<section class=\"about-us-4 section-space overflow-hidden rr-el-section\">\r\n    <div class=\"container\">\r\n        <div class=\"row\">\r\n            <div class=\"col-lg-6\">\r\n                <div class=\"about-us-4__content\">\r\n                                        <div class=\"section-2__title-wrapper mb-20\">\r\n                                                <h4 class=\"section-2__title text-capitalize title-animation rr-el-title\">Bun venit la compania noastr\u0103<\/h4>                    <\/div>\r\n                                        <p class=\"text-capitalize rr-el-desc\">ClioStones este un specialist egiptean \u00een prelucrarea pietrei, dedicat furniz\u0103rii de produse premium din granit, marmur\u0103 \u0219i cuar\u021b pentru proiecte din \u00eentreaga lume. \u00cenc\u0103 de la \u00eenceput, dezvoltarea companiei a fost sus\u021binut\u0103 de un angajament clar fa\u021b\u0103 de calitate, fiabilitate \u0219i parteneriate pe termen lung cu clien\u021bii s\u0103i.\n\nOpera\u021biunile noastre acoper\u0103 \u00eentregul lan\u021b valoric al pietrei \u2013 de la achizi\u021bia \u0219i selec\u021bia blocurilor brute, la debitare, \u0219lefuire \u0219i finisaje de precizie, p\u00e2n\u0103 la ambalarea \u0219i \u00eenc\u0103rcarea profesional\u0103 pentru export. Combin\u00e2nd tehnologia modern\u0103 de produc\u021bie cu m\u0103iestria artizanilor experimenta\u021bi, ClioStones livreaz\u0103 blaturi de buc\u0103t\u0103rie, blaturi de baie, pl\u0103ci, dale \u0219i piese t\u0103iate la dimensiune, care respect\u0103 cele mai stricte cerin\u021be tehnice \u0219i estetice ale pie\u021belor interna\u021bionale.\n\nCu un puternic accent pe export \u0219i o experien\u021b\u0103 solid\u0103 \u00een gestionarea proiectelor complexe, ClioStones se pozi\u021bioneaz\u0103 ca un partener de \u00eencredere pentru distribuitori, fabricatori \u0219i dezvoltatori care caut\u0103 calitate constant\u0103, comunicare clar\u0103 \u0219i livr\u0103ri punctuale din Egipt.\n\nFiecare comand\u0103 este produs\u0103 conform propriului nostru sistem intern de management al calit\u0103\u021bii, \u00eembin\u00e2nd m\u0103iestria celor mai bune fabrici din Egipt cu expertiza inginereasc\u0103 ClioStones, protocoalele stricte de inspec\u021bie \u0219i aten\u021bia meticuloas\u0103 la detalii. Din inima Egiptului c\u0103tre pie\u021bele interna\u021bionale, livr\u0103m suprafe\u021be care \u00eentruchipeaz\u0103 durabilitate, elegan\u021b\u0103 \u0219i valoare de lung\u0103 durat\u0103.\n\nClioStones este mai mult dec\u00e2t un furnizor \u2013 este un partener de produc\u021bie de \u00eencredere, dedicat transform\u0103rii pietrei naturale \u00een crea\u021bii arhitecturale care inspir\u0103 \u0219i rezist\u0103 \u00een timp.                    <\/p>\r\n                                                                                <div class=\"about-us-4__wrapper mb-40 mb-xs-20\">\r\n                                                <div class=\"about-us-4__item\">\r\n                                                        <div class=\"about-us-4__item-text\">\r\n                                                                                            <\/div>\r\n                        <\/div>\r\n                                            <\/div>\r\n                                                            <a href=\"https:\/\/wp.rrdevs.net\/cliostones\/about-us\/\" class=\"rr-btn rr-el-btn\" target=\"_blank\" rel=\"noopener\">\r\n                        <span class=\"btn-wrap\">\r\n                            <span\r\n                                class=\"text-one rr-el-btn\">Mai multe detalii<\/span>\r\n                            <span\r\n                                class=\"text-two rr-el-btn\">Mai multe detalii<\/span>\r\n                        <\/span>\r\n                    <\/a>\r\n                                    <\/div>\r\n            <\/div>\r\n\r\n            <div class=\"col-lg-6\">\r\n                <div class=\"about-us-4__media clip-a-z\">\r\n                                        <img decoding=\"async\" class=\"wow clip-a-z\" src=\"https:\/\/cliostones.com\/wp-content\/uploads\/2025\/11\/showfactory.webp\"\r\n                        alt=\"\">\r\n                                                        <\/div>\r\n            <\/div>\r\n        <\/div>\r\n    <\/div>\r\n<\/section>\r\n<!--about-us-4 area end -->\r\n\t\t\t\t<\/div>\n\t\t\t\t<\/div>\n\t\t\t\t<\/div>\n\t\t<div class=\"elementor-element elementor-element-df939c7 e-flex e-con-boxed e-con e-parent\" data-id=\"df939c7\" data-element_type=\"container\">\n\t\t\t\t\t<div class=\"e-con-inner\">\n\t\t<div class=\"elementor-element elementor-element-df3080d e-con-full e-flex e-con e-child\" data-id=\"df3080d\" data-element_type=\"container\">\n\t\t\t\t<div class=\"elementor-element elementor-element-a285dba elementor-widget elementor-widget-video\" data-id=\"a285dba\" data-element_type=\"widget\" data-settings=\"{&quot;video_type&quot;:&quot;dailymotion&quot;,&quot;controls&quot;:&quot;yes&quot;}\" data-widget_type=\"video.default\">\n\t\t\t\t<div class=\"elementor-widget-container\">\n\t\t\t\t\t\t\t<div class=\"elementor-wrapper elementor-open-inline\">\n\t\t\t<iframe class=\"elementor-video-iframe\" allowfullscreen allow=\"clipboard-write\" title=\"Player video dailymotion\" src=\"https:\/\/dailymotion.com\/embed\/video\/x9senjw?ui-highlight&amp;start&amp;endscreen-enable=0&amp;controls=1&amp;mute=0&amp;ui-start-screen-info=1&amp;ui-logo=1\"><\/iframe>\t\t<\/div>\n\t\t\t\t\t\t<\/div>\n\t\t\t\t<\/div>\n\t\t\t\t<\/div>\n\t\t<div class=\"elementor-element elementor-element-920ae69 e-con-full e-flex e-con e-child\" data-id=\"920ae69\" data-element_type=\"container\">\n\t\t\t\t<div class=\"elementor-element elementor-element-ae8f1cd elementor-widget elementor-widget-heading\" data-id=\"ae8f1cd\" data-element_type=\"widget\" data-widget_type=\"heading.default\">\n\t\t\t\t<div class=\"elementor-widget-container\">\n\t\t\t\t\t<h2 class=\"elementor-heading-title elementor-size-default\">Cea mai fin\u0103 marmur\u0103 \u0219i granit din Egipt \u2014 Create pentru o arhitectur\u0103 atemporal\u0103<\/h2>\t\t\t\t<\/div>\n\t\t\t\t<\/div>\n\t\t\t\t<div class=\"elementor-element elementor-element-0b051e4 elementor-widget elementor-widget-text-editor\" data-id=\"0b051e4\" data-element_type=\"widget\" data-widget_type=\"text-editor.default\">\n\t\t\t\t<div class=\"elementor-widget-container\">\n\t\t\t\t\t\t\t\t\t<p data-start=\"55\" data-end=\"723\"><strong data-start=\"55\" data-end=\"723\">Recunoscut ca unul dintre cele mai mari \u0219i mai avansate centre de produc\u021bie a pietrei din Orientul Mijlociu, acest complex industrial se \u00eentinde pe aproape 5 milioane m\u00b2 \u0219i integreaz\u0103 multiple fabrici specializate, echipate cu sisteme italiene Pedrini de ultim\u0103 genera\u021bie.<br data-start=\"329\" data-end=\"332\" \/>Acesta atinge o capacitate anual\u0103 de produc\u021bie de peste 30 milioane m\u00b2 de marmur\u0103 \u0219i 1 milion m\u00b2 de granit, sus\u021binut\u0103 de o infrastructur\u0103 cuprinz\u0103toare ce include 96 de fer\u0103straie pentru blocuri, 80 de t\u0103ietoare de blocuri, 8 linii de procesare cu turnuri epoxidice, 24 de linii de finisare a pl\u0103cilor \u0219i ateliere de precizie dotate cu centre CNC \u0219i Water-Jet pentru detalii arhitecturale.<\/strong><\/p><p data-start=\"725\" data-end=\"1032\"><strong data-start=\"725\" data-end=\"1032\">Opera\u021biunile sunt gestionate digital printr-o platform\u0103 centralizat\u0103 ERP\/SCADA, care asigur\u0103 controlul calit\u0103\u021bii, eficien\u021b\u0103 \u0219i trasabilitate complet\u0103 \u00een toate etapele de produc\u021bie. Sustenabilitatea este men\u021binut\u0103 prin instala\u021bii avansate de reciclare a apei, capabile s\u0103 proceseze p\u00e2n\u0103 la 30.000 m\u00b3\/or\u0103.<\/strong><\/p><p data-start=\"1034\" data-end=\"1376\"><strong data-start=\"1034\" data-end=\"1376\">\u00cen cadrul acestui complex ultramodern, comenzile de produc\u021bie Clio Stones sunt executate conform acelora\u0219i standarde tehnice riguroase, beneficiind de tehnologia Pedrini proiectat\u0103 \u00een Italia, care garanteaz\u0103 consisten\u021b\u0103, finisaje de \u00eenalt\u0103 precizie \u0219i calitate premium pentru export, adaptat\u0103 proiectelor interna\u021bionale de mare anvergur\u0103.<\/strong><\/p>\t\t\t\t\t\t\t\t<\/div>\n\t\t\t\t<\/div>\n\t\t\t\t<\/div>\n\t\t\t\t\t<\/div>\n\t\t\t\t<\/div>\n\t\t<div class=\"elementor-element elementor-element-277afea e-con-full e-flex e-con e-parent\" data-id=\"277afea\" data-element_type=\"container\" data-settings=\"{&quot;background_background&quot;:&quot;classic&quot;}\">\n\t\t\t\t<div class=\"elementor-element elementor-element-e1dcc44 elementor-widget elementor-widget-rr-fact\" data-id=\"e1dcc44\" data-element_type=\"widget\" data-widget_type=\"rr-fact.default\">\n\t\t\t\t<div class=\"elementor-widget-container\">\n\t\t\t\t\t\r\n\r\n<!-- experience start -->\r\n<section class=\"experience\" data-background=\"https:\/\/cliostones.com\/wp-content\/uploads\/2024\/09\/experience-bg.jpg\">\r\n    <div class=\"container\">\r\n        <div class=\"experience__item-wrapper\">\r\n                        <div class=\"experience__item\">\r\n                <div class=\"experience__item-content\">\r\n                    <div class=\"experience__item-content-icon\">\r\n                                                                        <span>\r\n                            <img decoding=\"async\" src=\"https:\/\/wp.rrdevs.net\/artima\/wp-content\/uploads\/2024\/09\/icon-3.png\"\r\n                                alt=\"\">\r\n                        <\/span>\r\n                                                                    <\/div>\r\n                    <div class=\"experience__item-content-text\">\r\n                                                <h6 class=\"title-animation\">Ani de experien\u021b\u0103<\/h6>\r\n                                                <h2><span class=\"odometer\"\r\n                                data-count=\"11\">0<\/span>                        <\/h2>\r\n                    <\/div>\r\n                <\/div>\r\n            <\/div>\r\n                        <div class=\"experience__item\">\r\n                <div class=\"experience__item-content\">\r\n                    <div class=\"experience__item-content-icon\">\r\n                                                                        <span>\r\n                            <img decoding=\"async\" src=\"https:\/\/wp.rrdevs.net\/artima\/wp-content\/uploads\/2024\/09\/icon-4.png\"\r\n                                alt=\"\">\r\n                        <\/span>\r\n                                                                    <\/div>\r\n                    <div class=\"experience__item-content-text\">\r\n                                                <h6 class=\"title-animation\">Proiecte de succes<\/h6>\r\n                                                <h2><span class=\"odometer\"\r\n                                data-count=\"541\">0<\/span>                        <\/h2>\r\n                    <\/div>\r\n                <\/div>\r\n            <\/div>\r\n                        <div class=\"experience__item\">\r\n                <div class=\"experience__item-content\">\r\n                    <div class=\"experience__item-content-icon\">\r\n                                                                        <span>\r\n                            <img decoding=\"async\" src=\"https:\/\/wp.rrdevs.net\/artima\/wp-content\/uploads\/2024\/09\/Group-2.png\"\r\n                                alt=\"\">\r\n                        <\/span>\r\n                                                                    <\/div>\r\n                    <div class=\"experience__item-content-text\">\r\n                                                <h6 class=\"title-animation\">Membrii echipei<\/h6>\r\n                                                <h2><span class=\"odometer\"\r\n                                data-count=\"52\">0<\/span>                        <\/h2>\r\n                    <\/div>\r\n                <\/div>\r\n            <\/div>\r\n                        <div class=\"experience__item\">\r\n                <div class=\"experience__item-content\">\r\n                    <div class=\"experience__item-content-icon\">\r\n                                                                        <span>\r\n                            <img decoding=\"async\" src=\"https:\/\/wp.rrdevs.net\/artima\/wp-content\/uploads\/2024\/09\/Vector-2.png\"\r\n                                alt=\"\">\r\n                        <\/span>\r\n                                                                    <\/div>\r\n                    <div class=\"experience__item-content-text\">\r\n                                                <h6 class=\"title-animation\">Satisfac\u021bia clien\u021bilor<\/h6>\r\n                                                <h2><span class=\"odometer\"\r\n                                data-count=\"525\">0<\/span>+                        <\/h2>\r\n                    <\/div>\r\n                <\/div>\r\n            <\/div>\r\n                    <\/div>\r\n    <\/div>\r\n<\/section>\r\n<!-- experience end -->\r\n\t\t\t\t<\/div>\n\t\t\t\t<\/div>\n\t\t\t\t<\/div>\n\t\t\t\t<\/div>\n\t\t","protected":false},"excerpt":{"rendered":"<p>Granit egiptean \u2014 creat de istorie Contacteaz\u0103-ne Contacteaz\u0103-ne Elegan\u021b\u0103 n\u0103scut\u0103 \u00een Egipt Contacteaz\u0103-ne Contacteaz\u0103-ne Un blat de baie care adaug\u0103 elegan\u021b\u0103 f\u0103r\u0103 efort \u0219i frumuse\u021be modern\u0103 oric\u0103rui spa\u021biu Contacteaz\u0103-ne Contacteaz\u0103-ne Un blat realizat pentru elegan\u021b\u0103 \u0219i frumuse\u021be durabil\u0103 Contacteaz\u0103-ne Contacteaz\u0103-ne Granit egiptean \u2014 creat de istorie Contacteaz\u0103-ne Contacteaz\u0103-ne Elegan\u021b\u0103 n\u0103scut\u0103 \u00een Egipt Contacteaz\u0103-ne Contacteaz\u0103-ne Un [&hellip;]<\/p>\n","protected":false},"author":1,"featured_media":0,"parent":0,"menu_order":0,"comment_status":"closed","ping_status":"closed","template":"elementor_header_footer","meta":{"footnotes":""},"class_list":["post-6212","page","type-page","status-publish","hentry"],"_links":{"self":[{"href":"https:\/\/cliostones.com\/ro\/wp-json\/wp\/v2\/pages\/6212","targetHints":{"allow":["GET"]}}],"collection":[{"href":"https:\/\/cliostones.com\/ro\/wp-json\/wp\/v2\/pages"}],"about":[{"href":"https:\/\/cliostones.com\/ro\/wp-json\/wp\/v2\/types\/page"}],"author":[{"embeddable":true,"href":"https:\/\/cliostones.com\/ro\/wp-json\/wp\/v2\/users\/1"}],"replies":[{"embeddable":true,"href":"https:\/\/cliostones.com\/ro\/wp-json\/wp\/v2\/comments?post=6212"}],"version-history":[{"count":61,"href":"https:\/\/cliostones.com\/ro\/wp-json\/wp\/v2\/pages\/6212\/revisions"}],"predecessor-version":[{"id":8706,"href":"https:\/\/cliostones.com\/ro\/wp-json\/wp\/v2\/pages\/6212\/revisions\/8706"}],"wp:attachment":[{"href":"https:\/\/cliostones.com\/ro\/wp-json\/wp\/v2\/media?parent=6212"}],"curies":[{"name":"wp","href":"https:\/\/api.w.org\/{rel}","templated":true}]}}