{"id":6331,"date":"2025-11-04T00:52:48","date_gmt":"2025-11-04T00:52:48","guid":{"rendered":"https:\/\/cliostones.com\/?page_id=6331"},"modified":"2025-11-23T14:30:25","modified_gmt":"2025-11-23T14:30:25","slug":"cuart","status":"publish","type":"page","link":"https:\/\/cliostones.com\/ro\/cuart\/","title":{"rendered":"Cuar\u021b"},"content":{"rendered":"\t\t<div data-elementor-type=\"wp-page\" data-elementor-id=\"6331\" class=\"elementor elementor-6331 elementor-3179\" data-elementor-post-type=\"page\">\n\t\t\t\t<div class=\"elementor-element elementor-element-77a89f32 e-con-full elementor-hidden-tablet elementor-hidden-mobile e-flex e-con e-parent\" data-id=\"77a89f32\" data-element_type=\"container\" data-settings=\"{&quot;background_background&quot;:&quot;classic&quot;}\">\n\t\t\t\t<\/div>\n\t\t<div class=\"elementor-element elementor-element-669c4b17 e-con-full elementor-hidden-desktop e-flex e-con e-parent\" data-id=\"669c4b17\" data-element_type=\"container\" data-settings=\"{&quot;background_background&quot;:&quot;classic&quot;}\">\n\t\t\t\t<\/div>\n\t\t<div class=\"elementor-element elementor-element-1f247afc e-con-full e-flex e-con e-parent\" data-id=\"1f247afc\" data-element_type=\"container\">\n\t\t\t\t<div class=\"elementor-element elementor-element-6f9faf2 elementor-align-center elementor-widget elementor-widget-button\" data-id=\"6f9faf2\" data-element_type=\"widget\" data-widget_type=\"button.default\">\n\t\t\t\t<div class=\"elementor-widget-container\">\n\t\t\t\t\t\t\t\t\t<div class=\"elementor-button-wrapper\">\n\t\t\t\t\t<a class=\"elementor-button elementor-button-link elementor-size-sm\" href=\"https:\/\/cliostones.com\/wp-content\/uploads\/2025\/11\/Quartz-Profile.pdf\">\n\t\t\t\t\t\t<span class=\"elementor-button-content-wrapper\">\n\t\t\t\t\t\t\t\t\t<span class=\"elementor-button-text\">Desc\u0103rca\u021bi catalogul nostru<\/span>\n\t\t\t\t\t<\/span>\n\t\t\t\t\t<\/a>\n\t\t\t\t<\/div>\n\t\t\t\t\t\t\t\t<\/div>\n\t\t\t\t<\/div>\n\t\t\t\t<div class=\"elementor-element elementor-element-8a1463a elementor-widget elementor-widget-rr_portfolio_masonry\" data-id=\"8a1463a\" data-element_type=\"widget\" data-widget_type=\"rr_portfolio_masonry.default\">\n\t\t\t\t<div class=\"elementor-widget-container\">\n\t\t\t\t\t\r\n<section class=\"protfolio section-space__top rr-el-section\">\r\n    <div class=\"container\">\r\n        <div class=\"protfolio__tab masonary-menu\">\r\n            <button data-filter=\"*\" class=\"active\"> <\/button>\r\n                        <button class=\"rr-el-tab\"\r\n                data-filter=\".Cuar\u0163 \"><\/button>\r\n                    <\/div>\r\n\r\n        <div class=\"protfolio__item-wrapper\">\r\n            <div class=\"row grid mb-minus-30\">\r\n                                <div\r\n                    class=\"col-xl-4 col-lg-4 col-md-6 col-sm-12 grid-item Cuar\u0163\">\r\n                    <div class=\"protfolio__item\">\r\n                                                <div class=\"protfolio__item-media \">\r\n                            <img decoding=\"async\" src=\"https:\/\/cliostones.com\/wp-content\/uploads\/2025\/10\/Bearing-2.png\"\r\n                                alt=\"\">\r\n                        <\/div>\r\n                                                <a href=\"https:\/\/cliostones.com\/wp-content\/uploads\/2025\/10\/Bearing-2.png\"\r\n                            class=\"protfolio__item-icon  popup-image\">\r\n                            <svg width=\"54\" height=\"54\" viewBox=\"0 0 54 54\" fill=\"none\"\r\n                                xmlns=\"http:\/\/www.w3.org\/2000\/svg\">\r\n                                <path d=\"M27 2V52\" stroke=\"white\" stroke-width=\"4\" stroke-linecap=\"round\"\r\n                                    stroke-linejoin=\"round\" \/>\r\n                                <path d=\"M2 27H52\" stroke=\"white\" stroke-width=\"4\" stroke-linecap=\"round\"\r\n                                    stroke-linejoin=\"round\" \/>\r\n                            <\/svg>\r\n                        <\/a>\r\n                        <div class=\"protfolio__item-text\">\r\n                                                        <span class=\"price rr-el-sub-title\">Cuar\u0163<\/span>\r\n                                                        <h6 class=\"rr-el-box-title\">\r\n                                <a target=\"_blank\" rel=\"nofollow\"\r\n                                    href=\"#\">\r\n                                    Bearing                                <\/a>\r\n                            <\/h6>\r\n                        <\/div>\r\n                    <\/div>\r\n                <\/div>\r\n                                <div\r\n                    class=\"col-xl-4 col-lg-4 col-md-6 col-sm-12 grid-item Cuar\u0163\">\r\n                    <div class=\"protfolio__item\">\r\n                                                <div class=\"protfolio__item-media \">\r\n                            <img decoding=\"async\" src=\"https:\/\/cliostones.com\/wp-content\/uploads\/2025\/10\/Aura-3.png\"\r\n                                alt=\"quartz slab-201000438701\">\r\n                        <\/div>\r\n                                                <a href=\"https:\/\/cliostones.com\/wp-content\/uploads\/2025\/10\/Aura-3.png\"\r\n                            class=\"protfolio__item-icon  popup-image\">\r\n                            <svg width=\"54\" height=\"54\" viewBox=\"0 0 54 54\" fill=\"none\"\r\n                                xmlns=\"http:\/\/www.w3.org\/2000\/svg\">\r\n                                <path d=\"M27 2V52\" stroke=\"white\" stroke-width=\"4\" stroke-linecap=\"round\"\r\n                                    stroke-linejoin=\"round\" \/>\r\n                                <path d=\"M2 27H52\" stroke=\"white\" stroke-width=\"4\" stroke-linecap=\"round\"\r\n                                    stroke-linejoin=\"round\" \/>\r\n                            <\/svg>\r\n                        <\/a>\r\n                        <div class=\"protfolio__item-text\">\r\n                                                        <span class=\"price rr-el-sub-title\">Cuar\u0163<\/span>\r\n                                                        <h6 class=\"rr-el-box-title\">\r\n                                <a target=\"_blank\" rel=\"nofollow\"\r\n                                    href=\"#\">\r\n                                    Aura                                <\/a>\r\n                            <\/h6>\r\n                        <\/div>\r\n                    <\/div>\r\n                <\/div>\r\n                                <div\r\n                    class=\"col-xl-4 col-lg-4 col-md-6 col-sm-12 grid-item Cuar\u0163\">\r\n                    <div class=\"protfolio__item\">\r\n                                                <div class=\"protfolio__item-media \">\r\n                            <img decoding=\"async\" src=\"https:\/\/cliostones.com\/wp-content\/uploads\/2025\/10\/Black-Base-2.png\"\r\n                                alt=\"\">\r\n                        <\/div>\r\n                                                <a href=\"https:\/\/cliostones.com\/wp-content\/uploads\/2025\/10\/Black-Base-2.png\"\r\n                            class=\"protfolio__item-icon  popup-image\">\r\n                            <svg width=\"54\" height=\"54\" viewBox=\"0 0 54 54\" fill=\"none\"\r\n                                xmlns=\"http:\/\/www.w3.org\/2000\/svg\">\r\n                                <path d=\"M27 2V52\" stroke=\"white\" stroke-width=\"4\" stroke-linecap=\"round\"\r\n                                    stroke-linejoin=\"round\" \/>\r\n                                <path d=\"M2 27H52\" stroke=\"white\" stroke-width=\"4\" stroke-linecap=\"round\"\r\n                                    stroke-linejoin=\"round\" \/>\r\n                            <\/svg>\r\n                        <\/a>\r\n                        <div class=\"protfolio__item-text\">\r\n                                                        <span class=\"price rr-el-sub-title\">Cuar\u0163<\/span>\r\n                                                        <h6 class=\"rr-el-box-title\">\r\n                                <a target=\"_blank\" rel=\"nofollow\"\r\n                                    href=\"#\">\r\n                                    Black-Base                                <\/a>\r\n                            <\/h6>\r\n                        <\/div>\r\n                    <\/div>\r\n                <\/div>\r\n                                <div\r\n                    class=\"col-xl-4 col-lg-4 col-md-6 col-sm-12 grid-item Cuar\u0163\">\r\n                    <div class=\"protfolio__item\">\r\n                                                <div class=\"protfolio__item-media \">\r\n                            <img decoding=\"async\" src=\"https:\/\/cliostones.com\/wp-content\/uploads\/2025\/10\/Calacatta-Classic-2.png\"\r\n                                alt=\"nature quartz-201000438701\">\r\n                        <\/div>\r\n                                                <a href=\"https:\/\/cliostones.com\/wp-content\/uploads\/2025\/10\/Calacatta-Classic-2.png\"\r\n                            class=\"protfolio__item-icon  popup-image\">\r\n                            <svg width=\"54\" height=\"54\" viewBox=\"0 0 54 54\" fill=\"none\"\r\n                                xmlns=\"http:\/\/www.w3.org\/2000\/svg\">\r\n                                <path d=\"M27 2V52\" stroke=\"white\" stroke-width=\"4\" stroke-linecap=\"round\"\r\n                                    stroke-linejoin=\"round\" \/>\r\n                                <path d=\"M2 27H52\" stroke=\"white\" stroke-width=\"4\" stroke-linecap=\"round\"\r\n                                    stroke-linejoin=\"round\" \/>\r\n                            <\/svg>\r\n                        <\/a>\r\n                        <div class=\"protfolio__item-text\">\r\n                                                        <span class=\"price rr-el-sub-title\">Cuar\u0163<\/span>\r\n                                                        <h6 class=\"rr-el-box-title\">\r\n                                <a target=\"_blank\" rel=\"nofollow\"\r\n                                    href=\"#\">\r\n                                    Calacatta-Classic                                <\/a>\r\n                            <\/h6>\r\n                        <\/div>\r\n                    <\/div>\r\n                <\/div>\r\n                                <div\r\n                    class=\"col-xl-4 col-lg-4 col-md-6 col-sm-12 grid-item Cuar\u0163\">\r\n                    <div class=\"protfolio__item\">\r\n                                                <div class=\"protfolio__item-media \">\r\n                            <img decoding=\"async\" src=\"https:\/\/cliostones.com\/wp-content\/uploads\/2025\/10\/Calacatta-pure-2.png\"\r\n                                alt=\"\">\r\n                        <\/div>\r\n                                                <a href=\"https:\/\/cliostones.com\/wp-content\/uploads\/2025\/10\/Calacatta-pure-2.png\"\r\n                            class=\"protfolio__item-icon  popup-image\">\r\n                            <svg width=\"54\" height=\"54\" viewBox=\"0 0 54 54\" fill=\"none\"\r\n                                xmlns=\"http:\/\/www.w3.org\/2000\/svg\">\r\n                                <path d=\"M27 2V52\" stroke=\"white\" stroke-width=\"4\" stroke-linecap=\"round\"\r\n                                    stroke-linejoin=\"round\" \/>\r\n                                <path d=\"M2 27H52\" stroke=\"white\" stroke-width=\"4\" stroke-linecap=\"round\"\r\n                                    stroke-linejoin=\"round\" \/>\r\n                            <\/svg>\r\n                        <\/a>\r\n                        <div class=\"protfolio__item-text\">\r\n                                                        <span class=\"price rr-el-sub-title\">Cuar\u0163<\/span>\r\n                                                        <h6 class=\"rr-el-box-title\">\r\n                                <a target=\"_blank\" rel=\"nofollow\"\r\n                                    href=\"#\">\r\n                                    Calacatta-pure                                <\/a>\r\n                            <\/h6>\r\n                        <\/div>\r\n                    <\/div>\r\n                <\/div>\r\n                                <div\r\n                    class=\"col-xl-4 col-lg-4 col-md-6 col-sm-12 grid-item Cuar\u0163\">\r\n                    <div class=\"protfolio__item\">\r\n                                                <div class=\"protfolio__item-media \">\r\n                            <img decoding=\"async\" src=\"https:\/\/cliostones.com\/wp-content\/uploads\/2025\/10\/Calacatta-spider-2.png\"\r\n                                alt=\"\">\r\n                        <\/div>\r\n                                                <a href=\"https:\/\/cliostones.com\/wp-content\/uploads\/2025\/10\/Calacatta-spider-2.png\"\r\n                            class=\"protfolio__item-icon  popup-image\">\r\n                            <svg width=\"54\" height=\"54\" viewBox=\"0 0 54 54\" fill=\"none\"\r\n                                xmlns=\"http:\/\/www.w3.org\/2000\/svg\">\r\n                                <path d=\"M27 2V52\" stroke=\"white\" stroke-width=\"4\" stroke-linecap=\"round\"\r\n                                    stroke-linejoin=\"round\" \/>\r\n                                <path d=\"M2 27H52\" stroke=\"white\" stroke-width=\"4\" stroke-linecap=\"round\"\r\n                                    stroke-linejoin=\"round\" \/>\r\n                            <\/svg>\r\n                        <\/a>\r\n                        <div class=\"protfolio__item-text\">\r\n                                                        <span class=\"price rr-el-sub-title\">Cuar\u0163<\/span>\r\n                                                        <h6 class=\"rr-el-box-title\">\r\n                                <a target=\"_blank\" rel=\"nofollow\"\r\n                                    href=\"#\">\r\n                                    Calacatta-Spider                                <\/a>\r\n                            <\/h6>\r\n                        <\/div>\r\n                    <\/div>\r\n                <\/div>\r\n                                <div\r\n                    class=\"col-xl-4 col-lg-4 col-md-6 col-sm-12 grid-item Cuar\u0163\">\r\n                    <div class=\"protfolio__item\">\r\n                                                <div class=\"protfolio__item-media \">\r\n                            <img decoding=\"async\" src=\"https:\/\/cliostones.com\/wp-content\/uploads\/2025\/10\/clacatta-black-2.png\"\r\n                                alt=\"\">\r\n                        <\/div>\r\n                                                <a href=\"https:\/\/cliostones.com\/wp-content\/uploads\/2025\/10\/clacatta-black-2.png\"\r\n                            class=\"protfolio__item-icon  popup-image\">\r\n                            <svg width=\"54\" height=\"54\" viewBox=\"0 0 54 54\" fill=\"none\"\r\n                                xmlns=\"http:\/\/www.w3.org\/2000\/svg\">\r\n                                <path d=\"M27 2V52\" stroke=\"white\" stroke-width=\"4\" stroke-linecap=\"round\"\r\n                                    stroke-linejoin=\"round\" \/>\r\n                                <path d=\"M2 27H52\" stroke=\"white\" stroke-width=\"4\" stroke-linecap=\"round\"\r\n                                    stroke-linejoin=\"round\" \/>\r\n                            <\/svg>\r\n                        <\/a>\r\n                        <div class=\"protfolio__item-text\">\r\n                                                        <span class=\"price rr-el-sub-title\">Cuar\u0163<\/span>\r\n                                                        <h6 class=\"rr-el-box-title\">\r\n                                <a target=\"_blank\" rel=\"nofollow\"\r\n                                    href=\"#\">\r\n                                    clacatta-black                                <\/a>\r\n                            <\/h6>\r\n                        <\/div>\r\n                    <\/div>\r\n                <\/div>\r\n                                <div\r\n                    class=\"col-xl-4 col-lg-4 col-md-6 col-sm-12 grid-item Cuar\u0163\">\r\n                    <div class=\"protfolio__item\">\r\n                                                <div class=\"protfolio__item-media \">\r\n                            <img decoding=\"async\" src=\"https:\/\/cliostones.com\/wp-content\/uploads\/2025\/10\/Clacatta-Blue-2.png\"\r\n                                alt=\"marble panel-201000438701\">\r\n                        <\/div>\r\n                                                <a href=\"https:\/\/cliostones.com\/wp-content\/uploads\/2025\/10\/Clacatta-Blue-2.png\"\r\n                            class=\"protfolio__item-icon  popup-image\">\r\n                            <svg width=\"54\" height=\"54\" viewBox=\"0 0 54 54\" fill=\"none\"\r\n                                xmlns=\"http:\/\/www.w3.org\/2000\/svg\">\r\n                                <path d=\"M27 2V52\" stroke=\"white\" stroke-width=\"4\" stroke-linecap=\"round\"\r\n                                    stroke-linejoin=\"round\" \/>\r\n                                <path d=\"M2 27H52\" stroke=\"white\" stroke-width=\"4\" stroke-linecap=\"round\"\r\n                                    stroke-linejoin=\"round\" \/>\r\n                            <\/svg>\r\n                        <\/a>\r\n                        <div class=\"protfolio__item-text\">\r\n                                                        <span class=\"price rr-el-sub-title\">Cuar\u0163<\/span>\r\n                                                        <h6 class=\"rr-el-box-title\">\r\n                                <a target=\"_blank\" rel=\"nofollow\"\r\n                                    href=\"#\">\r\n                                    Clacatta-Blue                                <\/a>\r\n                            <\/h6>\r\n                        <\/div>\r\n                    <\/div>\r\n                <\/div>\r\n                                <div\r\n                    class=\"col-xl-4 col-lg-4 col-md-6 col-sm-12 grid-item Cuar\u0163\">\r\n                    <div class=\"protfolio__item\">\r\n                                                <div class=\"protfolio__item-media \">\r\n                            <img decoding=\"async\" src=\"https:\/\/cliostones.com\/wp-content\/uploads\/2025\/10\/Clacatta-super-2.png\"\r\n                                alt=\"\">\r\n                        <\/div>\r\n                                                <a href=\"https:\/\/cliostones.com\/wp-content\/uploads\/2025\/10\/Clacatta-super-2.png\"\r\n                            class=\"protfolio__item-icon  popup-image\">\r\n                            <svg width=\"54\" height=\"54\" viewBox=\"0 0 54 54\" fill=\"none\"\r\n                                xmlns=\"http:\/\/www.w3.org\/2000\/svg\">\r\n                                <path d=\"M27 2V52\" stroke=\"white\" stroke-width=\"4\" stroke-linecap=\"round\"\r\n                                    stroke-linejoin=\"round\" \/>\r\n                                <path d=\"M2 27H52\" stroke=\"white\" stroke-width=\"4\" stroke-linecap=\"round\"\r\n                                    stroke-linejoin=\"round\" \/>\r\n                            <\/svg>\r\n                        <\/a>\r\n                        <div class=\"protfolio__item-text\">\r\n                                                        <span class=\"price rr-el-sub-title\">Cuar\u0163<\/span>\r\n                                                        <h6 class=\"rr-el-box-title\">\r\n                                <a target=\"_blank\" rel=\"nofollow\"\r\n                                    href=\"#\">\r\n                                    Clacatta-super                                <\/a>\r\n                            <\/h6>\r\n                        <\/div>\r\n                    <\/div>\r\n                <\/div>\r\n                                <div\r\n                    class=\"col-xl-4 col-lg-4 col-md-6 col-sm-12 grid-item Cuar\u0163\">\r\n                    <div class=\"protfolio__item\">\r\n                                                <div class=\"protfolio__item-media \">\r\n                            <img decoding=\"async\" src=\"https:\/\/cliostones.com\/wp-content\/uploads\/2025\/10\/ibaric-clacatta-2.png\"\r\n                                alt=\"\">\r\n                        <\/div>\r\n                                                <a href=\"https:\/\/cliostones.com\/wp-content\/uploads\/2025\/10\/ibaric-clacatta-2.png\"\r\n                            class=\"protfolio__item-icon  popup-image\">\r\n                            <svg width=\"54\" height=\"54\" viewBox=\"0 0 54 54\" fill=\"none\"\r\n                                xmlns=\"http:\/\/www.w3.org\/2000\/svg\">\r\n                                <path d=\"M27 2V52\" stroke=\"white\" stroke-width=\"4\" stroke-linecap=\"round\"\r\n                                    stroke-linejoin=\"round\" \/>\r\n                                <path d=\"M2 27H52\" stroke=\"white\" stroke-width=\"4\" stroke-linecap=\"round\"\r\n                                    stroke-linejoin=\"round\" \/>\r\n                            <\/svg>\r\n                        <\/a>\r\n                        <div class=\"protfolio__item-text\">\r\n                                                        <span class=\"price rr-el-sub-title\">Cuar\u0163<\/span>\r\n                                                        <h6 class=\"rr-el-box-title\">\r\n                                <a target=\"_blank\" rel=\"nofollow\"\r\n                                    href=\"#\">\r\n                                    ibaric-clacatta                                <\/a>\r\n                            <\/h6>\r\n                        <\/div>\r\n                    <\/div>\r\n                <\/div>\r\n                                <div\r\n                    class=\"col-xl-4 col-lg-4 col-md-6 col-sm-12 grid-item Cuar\u0163\">\r\n                    <div class=\"protfolio__item\">\r\n                                                <div class=\"protfolio__item-media \">\r\n                            <img decoding=\"async\" src=\"https:\/\/cliostones.com\/wp-content\/uploads\/2025\/10\/Venato-supierior-2.png\"\r\n                                alt=\"\">\r\n                        <\/div>\r\n                                                <a href=\"https:\/\/cliostones.com\/wp-content\/uploads\/2025\/10\/Venato-supierior-2.png\"\r\n                            class=\"protfolio__item-icon  popup-image\">\r\n                            <svg width=\"54\" height=\"54\" viewBox=\"0 0 54 54\" fill=\"none\"\r\n                                xmlns=\"http:\/\/www.w3.org\/2000\/svg\">\r\n                                <path d=\"M27 2V52\" stroke=\"white\" stroke-width=\"4\" stroke-linecap=\"round\"\r\n                                    stroke-linejoin=\"round\" \/>\r\n                                <path d=\"M2 27H52\" stroke=\"white\" stroke-width=\"4\" stroke-linecap=\"round\"\r\n                                    stroke-linejoin=\"round\" \/>\r\n                            <\/svg>\r\n                        <\/a>\r\n                        <div class=\"protfolio__item-text\">\r\n                                                        <span class=\"price rr-el-sub-title\">Cuar\u0163<\/span>\r\n                                                        <h6 class=\"rr-el-box-title\">\r\n                                <a target=\"_blank\" rel=\"nofollow\"\r\n                                    href=\"#\">\r\n                                    Venato-supierior                                <\/a>\r\n                            <\/h6>\r\n                        <\/div>\r\n                    <\/div>\r\n                <\/div>\r\n                            <\/div>\r\n        <\/div>\r\n    <\/div>\r\n<\/section>\r\n\t\t\t\t<\/div>\n\t\t\t\t<\/div>\n\t\t\t\t<\/div>\n\t\t\t\t<\/div>\n\t\t","protected":false},"excerpt":{"rendered":"<p>Desc\u0103rca\u021bi catalogul nostru Cuar\u0163 Bearing Cuar\u0163 Aura Cuar\u0163 Black-Base Cuar\u0163 Calacatta-Classic Cuar\u0163 Calacatta-pure Cuar\u0163 Calacatta-Spider Cuar\u0163 clacatta-black Cuar\u0163 Clacatta-Blue Cuar\u0163 Clacatta-super Cuar\u0163 ibaric-clacatta Cuar\u0163 Venato-supierior<\/p>\n","protected":false},"author":1,"featured_media":0,"parent":0,"menu_order":0,"comment_status":"closed","ping_status":"closed","template":"elementor_header_footer","meta":{"footnotes":""},"class_list":["post-6331","page","type-page","status-publish","hentry"],"_links":{"self":[{"href":"https:\/\/cliostones.com\/ro\/wp-json\/wp\/v2\/pages\/6331","targetHints":{"allow":["GET"]}}],"collection":[{"href":"https:\/\/cliostones.com\/ro\/wp-json\/wp\/v2\/pages"}],"about":[{"href":"https:\/\/cliostones.com\/ro\/wp-json\/wp\/v2\/types\/page"}],"author":[{"embeddable":true,"href":"https:\/\/cliostones.com\/ro\/wp-json\/wp\/v2\/users\/1"}],"replies":[{"embeddable":true,"href":"https:\/\/cliostones.com\/ro\/wp-json\/wp\/v2\/comments?post=6331"}],"version-history":[{"count":16,"href":"https:\/\/cliostones.com\/ro\/wp-json\/wp\/v2\/pages\/6331\/revisions"}],"predecessor-version":[{"id":8737,"href":"https:\/\/cliostones.com\/ro\/wp-json\/wp\/v2\/pages\/6331\/revisions\/8737"}],"wp:attachment":[{"href":"https:\/\/cliostones.com\/ro\/wp-json\/wp\/v2\/media?parent=6331"}],"curies":[{"name":"wp","href":"https:\/\/api.w.org\/{rel}","templated":true}]}}