{"id":7281,"date":"2025-11-17T14:40:21","date_gmt":"2025-11-17T14:40:21","guid":{"rendered":"https:\/\/cliostones.com\/?page_id=7281"},"modified":"2025-11-23T16:19:15","modified_gmt":"2025-11-23T16:19:15","slug":"panou-de-perete","status":"publish","type":"page","link":"https:\/\/cliostones.com\/ro\/panou-de-perete\/","title":{"rendered":"Panou de perete"},"content":{"rendered":"\t\t<div data-elementor-type=\"wp-page\" data-elementor-id=\"7281\" class=\"elementor elementor-7281 elementor-3300\" data-elementor-post-type=\"page\">\n\t\t\t\t<div class=\"elementor-element elementor-element-4d52fb6 e-con-full elementor-hidden-tablet elementor-hidden-mobile e-flex e-con e-parent\" data-id=\"4d52fb6\" data-element_type=\"container\" data-settings=\"{&quot;background_background&quot;:&quot;classic&quot;}\">\n\t\t\t\t<\/div>\n\t\t<div class=\"elementor-element elementor-element-5e6bdd73 e-con-full elementor-hidden-desktop e-flex e-con e-parent\" data-id=\"5e6bdd73\" data-element_type=\"container\" data-settings=\"{&quot;background_background&quot;:&quot;classic&quot;}\">\n\t\t\t\t<\/div>\n\t\t<div class=\"elementor-element elementor-element-1a80e2 e-con-full e-flex e-con e-parent\" data-id=\"1a80e2\" data-element_type=\"container\">\n\t\t\t\t<div class=\"elementor-element elementor-element-56716f9 elementor-widget elementor-widget-rr_portfolio_masonry\" data-id=\"56716f9\" data-element_type=\"widget\" data-widget_type=\"rr_portfolio_masonry.default\">\n\t\t\t\t<div class=\"elementor-widget-container\">\n\t\t\t\t\t\r\n<section class=\"protfolio section-space__top rr-el-section\">\r\n    <div class=\"container\">\r\n        <div class=\"protfolio__tab masonary-menu\">\r\n            <button data-filter=\"*\" class=\"active\"> <\/button>\r\n                        <button class=\"rr-el-tab\"\r\n                data-filter=\".Plac\u0103 de perete \"><\/button>\r\n                    <\/div>\r\n\r\n        <div class=\"protfolio__item-wrapper\">\r\n            <div class=\"row grid mb-minus-30\">\r\n                                <div\r\n                    class=\"col-xl-4 col-lg-4 col-md-6 col-sm-12 grid-item Plac\u0103 de perete\">\r\n                    <div class=\"protfolio__item\">\r\n                                                <div class=\"protfolio__item-media \">\r\n                            <img decoding=\"async\" src=\"https:\/\/cliostones.com\/wp-content\/uploads\/2025\/10\/20251024_1052_Luxury-Quartz-Entrance_remix_01k8bnh6cmfev8sv6y5zkbjp13.png\"\r\n                                alt=\"\">\r\n                        <\/div>\r\n                                                <a href=\"https:\/\/cliostones.com\/wp-content\/uploads\/2025\/10\/20251024_1052_Luxury-Quartz-Entrance_remix_01k8bnh6cmfev8sv6y5zkbjp13.png\"\r\n                            class=\"protfolio__item-icon  popup-image\">\r\n                            <svg width=\"54\" height=\"54\" viewBox=\"0 0 54 54\" fill=\"none\"\r\n                                xmlns=\"http:\/\/www.w3.org\/2000\/svg\">\r\n                                <path d=\"M27 2V52\" stroke=\"white\" stroke-width=\"4\" stroke-linecap=\"round\"\r\n                                    stroke-linejoin=\"round\" \/>\r\n                                <path d=\"M2 27H52\" stroke=\"white\" stroke-width=\"4\" stroke-linecap=\"round\"\r\n                                    stroke-linejoin=\"round\" \/>\r\n                            <\/svg>\r\n                        <\/a>\r\n                        <div class=\"protfolio__item-text\">\r\n                                                        <span class=\"price rr-el-sub-title\">Plac\u0103 de perete<\/span>\r\n                                                        <h6 class=\"rr-el-box-title\">\r\n                                <a target=\"_blank\" rel=\"nofollow\"\r\n                                    href=\"#\">\r\n                                    Black-Base                                <\/a>\r\n                            <\/h6>\r\n                        <\/div>\r\n                    <\/div>\r\n                <\/div>\r\n                                <div\r\n                    class=\"col-xl-4 col-lg-4 col-md-6 col-sm-12 grid-item WallPanel\">\r\n                    <div class=\"protfolio__item\">\r\n                                                <div class=\"protfolio__item-media \">\r\n                            <img decoding=\"async\" src=\"https:\/\/cliostones.com\/wp-content\/uploads\/2025\/10\/20251024_0531_Modern-Quartz-Wall-Design_remix_01k8b34amaf04vnwze3dn2mnxs.png\"\r\n                                alt=\"marble wall-201000438701\">\r\n                        <\/div>\r\n                                                <a href=\"https:\/\/cliostones.com\/wp-content\/uploads\/2025\/10\/20251024_0531_Modern-Quartz-Wall-Design_remix_01k8b34amaf04vnwze3dn2mnxs.png\"\r\n                            class=\"protfolio__item-icon  popup-image\">\r\n                            <svg width=\"54\" height=\"54\" viewBox=\"0 0 54 54\" fill=\"none\"\r\n                                xmlns=\"http:\/\/www.w3.org\/2000\/svg\">\r\n                                <path d=\"M27 2V52\" stroke=\"white\" stroke-width=\"4\" stroke-linecap=\"round\"\r\n                                    stroke-linejoin=\"round\" \/>\r\n                                <path d=\"M2 27H52\" stroke=\"white\" stroke-width=\"4\" stroke-linecap=\"round\"\r\n                                    stroke-linejoin=\"round\" \/>\r\n                            <\/svg>\r\n                        <\/a>\r\n                        <div class=\"protfolio__item-text\">\r\n                                                        <span class=\"price rr-el-sub-title\">Plac\u0103 de perete<\/span>\r\n                                                        <h6 class=\"rr-el-box-title\">\r\n                                <a target=\"_blank\" rel=\"nofollow\"\r\n                                    href=\"#\">\r\n                                    calacatta-Super                                <\/a>\r\n                            <\/h6>\r\n                        <\/div>\r\n                    <\/div>\r\n                <\/div>\r\n                                <div\r\n                    class=\"col-xl-4 col-lg-4 col-md-6 col-sm-12 grid-item Plac\u0103 de perete\">\r\n                    <div class=\"protfolio__item\">\r\n                                                <div class=\"protfolio__item-media \">\r\n                            <img decoding=\"async\" src=\"https:\/\/cliostones.com\/wp-content\/uploads\/2025\/10\/Calacatta-Blue-Wall-Panel2.png\"\r\n                                alt=\"marble and granite-201000438701\">\r\n                        <\/div>\r\n                                                <a href=\"https:\/\/cliostones.com\/wp-content\/uploads\/2025\/10\/Calacatta-Blue-Wall-Panel2.png\"\r\n                            class=\"protfolio__item-icon  popup-image\">\r\n                            <svg width=\"54\" height=\"54\" viewBox=\"0 0 54 54\" fill=\"none\"\r\n                                xmlns=\"http:\/\/www.w3.org\/2000\/svg\">\r\n                                <path d=\"M27 2V52\" stroke=\"white\" stroke-width=\"4\" stroke-linecap=\"round\"\r\n                                    stroke-linejoin=\"round\" \/>\r\n                                <path d=\"M2 27H52\" stroke=\"white\" stroke-width=\"4\" stroke-linecap=\"round\"\r\n                                    stroke-linejoin=\"round\" \/>\r\n                            <\/svg>\r\n                        <\/a>\r\n                        <div class=\"protfolio__item-text\">\r\n                                                        <span class=\"price rr-el-sub-title\">Plac\u0103 de perete<\/span>\r\n                                                        <h6 class=\"rr-el-box-title\">\r\n                                <a target=\"_blank\" rel=\"nofollow\"\r\n                                    href=\"#\">\r\n                                    Calacatta-Blue                                <\/a>\r\n                            <\/h6>\r\n                        <\/div>\r\n                    <\/div>\r\n                <\/div>\r\n                                <div\r\n                    class=\"col-xl-4 col-lg-4 col-md-6 col-sm-12 grid-item WallPanel\">\r\n                    <div class=\"protfolio__item\">\r\n                                                <div class=\"protfolio__item-media \">\r\n                            <img decoding=\"async\" src=\"https:\/\/cliostones.com\/wp-content\/uploads\/2025\/10\/Calactta-Black-Wall-Panel.png\"\r\n                                alt=\"marble and granite-201000438701\">\r\n                        <\/div>\r\n                                                <a href=\"https:\/\/cliostones.com\/wp-content\/uploads\/2025\/10\/Calactta-Black-Wall-Panel.png\"\r\n                            class=\"protfolio__item-icon  popup-image\">\r\n                            <svg width=\"54\" height=\"54\" viewBox=\"0 0 54 54\" fill=\"none\"\r\n                                xmlns=\"http:\/\/www.w3.org\/2000\/svg\">\r\n                                <path d=\"M27 2V52\" stroke=\"white\" stroke-width=\"4\" stroke-linecap=\"round\"\r\n                                    stroke-linejoin=\"round\" \/>\r\n                                <path d=\"M2 27H52\" stroke=\"white\" stroke-width=\"4\" stroke-linecap=\"round\"\r\n                                    stroke-linejoin=\"round\" \/>\r\n                            <\/svg>\r\n                        <\/a>\r\n                        <div class=\"protfolio__item-text\">\r\n                                                        <span class=\"price rr-el-sub-title\">Plac\u0103 de perete<\/span>\r\n                                                        <h6 class=\"rr-el-box-title\">\r\n                                <a target=\"_blank\" rel=\"nofollow\"\r\n                                    href=\"#\">\r\n                                    Calactta-Black                                <\/a>\r\n                            <\/h6>\r\n                        <\/div>\r\n                    <\/div>\r\n                <\/div>\r\n                                <div\r\n                    class=\"col-xl-4 col-lg-4 col-md-6 col-sm-12 grid-item WallPanel\">\r\n                    <div class=\"protfolio__item\">\r\n                                                <div class=\"protfolio__item-media \">\r\n                            <img decoding=\"async\" src=\"https:\/\/cliostones.com\/wp-content\/uploads\/2025\/10\/Wall-Panel-Bearing.png\"\r\n                                alt=\"\">\r\n                        <\/div>\r\n                                                <a href=\"https:\/\/cliostones.com\/wp-content\/uploads\/2025\/10\/Wall-Panel-Bearing.png\"\r\n                            class=\"protfolio__item-icon  popup-image\">\r\n                            <svg width=\"54\" height=\"54\" viewBox=\"0 0 54 54\" fill=\"none\"\r\n                                xmlns=\"http:\/\/www.w3.org\/2000\/svg\">\r\n                                <path d=\"M27 2V52\" stroke=\"white\" stroke-width=\"4\" stroke-linecap=\"round\"\r\n                                    stroke-linejoin=\"round\" \/>\r\n                                <path d=\"M2 27H52\" stroke=\"white\" stroke-width=\"4\" stroke-linecap=\"round\"\r\n                                    stroke-linejoin=\"round\" \/>\r\n                            <\/svg>\r\n                        <\/a>\r\n                        <div class=\"protfolio__item-text\">\r\n                                                        <span class=\"price rr-el-sub-title\">Plac\u0103 de perete<\/span>\r\n                                                        <h6 class=\"rr-el-box-title\">\r\n                                <a target=\"_blank\" rel=\"nofollow\"\r\n                                    href=\"#\">\r\n                                    Bearing                                <\/a>\r\n                            <\/h6>\r\n                        <\/div>\r\n                    <\/div>\r\n                <\/div>\r\n                                <div\r\n                    class=\"col-xl-4 col-lg-4 col-md-6 col-sm-12 grid-item WallPanel\">\r\n                    <div class=\"protfolio__item\">\r\n                                                <div class=\"protfolio__item-media \">\r\n                            <img decoding=\"async\" src=\"https:\/\/cliostones.com\/wp-content\/uploads\/2025\/10\/wall-panel-2.png\"\r\n                                alt=\"quartz marble-201000438701\">\r\n                        <\/div>\r\n                                                <a href=\"https:\/\/cliostones.com\/wp-content\/uploads\/2025\/10\/wall-panel-2.png\"\r\n                            class=\"protfolio__item-icon  popup-image\">\r\n                            <svg width=\"54\" height=\"54\" viewBox=\"0 0 54 54\" fill=\"none\"\r\n                                xmlns=\"http:\/\/www.w3.org\/2000\/svg\">\r\n                                <path d=\"M27 2V52\" stroke=\"white\" stroke-width=\"4\" stroke-linecap=\"round\"\r\n                                    stroke-linejoin=\"round\" \/>\r\n                                <path d=\"M2 27H52\" stroke=\"white\" stroke-width=\"4\" stroke-linecap=\"round\"\r\n                                    stroke-linejoin=\"round\" \/>\r\n                            <\/svg>\r\n                        <\/a>\r\n                        <div class=\"protfolio__item-text\">\r\n                                                        <span class=\"price rr-el-sub-title\">Plac\u0103 de perete<\/span>\r\n                                                        <h6 class=\"rr-el-box-title\">\r\n                                <a target=\"_blank\" rel=\"nofollow\"\r\n                                    href=\"#\">\r\n                                    Aura                                <\/a>\r\n                            <\/h6>\r\n                        <\/div>\r\n                    <\/div>\r\n                <\/div>\r\n                                <div\r\n                    class=\"col-xl-4 col-lg-4 col-md-6 col-sm-12 grid-item WallPanel\">\r\n                    <div class=\"protfolio__item\">\r\n                                                <div class=\"protfolio__item-media \">\r\n                            <img decoding=\"async\" src=\"https:\/\/cliostones.com\/wp-content\/uploads\/2025\/10\/Wall-Panel-Calacatta-spider2.png\"\r\n                                alt=\"nature marble-201000438701\">\r\n                        <\/div>\r\n                                                <a href=\"https:\/\/cliostones.com\/wp-content\/uploads\/2025\/10\/Wall-Panel-Calacatta-spider2.png\"\r\n                            class=\"protfolio__item-icon  popup-image\">\r\n                            <svg width=\"54\" height=\"54\" viewBox=\"0 0 54 54\" fill=\"none\"\r\n                                xmlns=\"http:\/\/www.w3.org\/2000\/svg\">\r\n                                <path d=\"M27 2V52\" stroke=\"white\" stroke-width=\"4\" stroke-linecap=\"round\"\r\n                                    stroke-linejoin=\"round\" \/>\r\n                                <path d=\"M2 27H52\" stroke=\"white\" stroke-width=\"4\" stroke-linecap=\"round\"\r\n                                    stroke-linejoin=\"round\" \/>\r\n                            <\/svg>\r\n                        <\/a>\r\n                        <div class=\"protfolio__item-text\">\r\n                                                        <span class=\"price rr-el-sub-title\">Plac\u0103 de perete<\/span>\r\n                                                        <h6 class=\"rr-el-box-title\">\r\n                                <a target=\"_blank\" rel=\"nofollow\"\r\n                                    href=\"#\">\r\n                                    Calacatta-spide                                <\/a>\r\n                            <\/h6>\r\n                        <\/div>\r\n                    <\/div>\r\n                <\/div>\r\n                                <div\r\n                    class=\"col-xl-4 col-lg-4 col-md-6 col-sm-12 grid-item WallPanel\">\r\n                    <div class=\"protfolio__item\">\r\n                                                <div class=\"protfolio__item-media \">\r\n                            <img decoding=\"async\" src=\"https:\/\/cliostones.com\/wp-content\/uploads\/2025\/10\/Wall-panel-ibaric-clacatta-1.png\"\r\n                                alt=\"\">\r\n                        <\/div>\r\n                                                <a href=\"https:\/\/cliostones.com\/wp-content\/uploads\/2025\/10\/Wall-panel-ibaric-clacatta-1.png\"\r\n                            class=\"protfolio__item-icon  popup-image\">\r\n                            <svg width=\"54\" height=\"54\" viewBox=\"0 0 54 54\" fill=\"none\"\r\n                                xmlns=\"http:\/\/www.w3.org\/2000\/svg\">\r\n                                <path d=\"M27 2V52\" stroke=\"white\" stroke-width=\"4\" stroke-linecap=\"round\"\r\n                                    stroke-linejoin=\"round\" \/>\r\n                                <path d=\"M2 27H52\" stroke=\"white\" stroke-width=\"4\" stroke-linecap=\"round\"\r\n                                    stroke-linejoin=\"round\" \/>\r\n                            <\/svg>\r\n                        <\/a>\r\n                        <div class=\"protfolio__item-text\">\r\n                                                        <span class=\"price rr-el-sub-title\">Plac\u0103 de perete<\/span>\r\n                                                        <h6 class=\"rr-el-box-title\">\r\n                                <a target=\"_blank\" rel=\"nofollow\"\r\n                                    href=\"#\">\r\n                                    ibaric-clacatta                                <\/a>\r\n                            <\/h6>\r\n                        <\/div>\r\n                    <\/div>\r\n                <\/div>\r\n                                <div\r\n                    class=\"col-xl-4 col-lg-4 col-md-6 col-sm-12 grid-item WallPanel\">\r\n                    <div class=\"protfolio__item\">\r\n                                                <div class=\"protfolio__item-media \">\r\n                            <img decoding=\"async\" src=\"https:\/\/cliostones.com\/wp-content\/uploads\/2025\/10\/Wall-PanelCalacatta-pure.png\"\r\n                                alt=\"top stones-201000438701\">\r\n                        <\/div>\r\n                                                <a href=\"https:\/\/cliostones.com\/wp-content\/uploads\/2025\/10\/Wall-PanelCalacatta-pure.png\"\r\n                            class=\"protfolio__item-icon  popup-image\">\r\n                            <svg width=\"54\" height=\"54\" viewBox=\"0 0 54 54\" fill=\"none\"\r\n                                xmlns=\"http:\/\/www.w3.org\/2000\/svg\">\r\n                                <path d=\"M27 2V52\" stroke=\"white\" stroke-width=\"4\" stroke-linecap=\"round\"\r\n                                    stroke-linejoin=\"round\" \/>\r\n                                <path d=\"M2 27H52\" stroke=\"white\" stroke-width=\"4\" stroke-linecap=\"round\"\r\n                                    stroke-linejoin=\"round\" \/>\r\n                            <\/svg>\r\n                        <\/a>\r\n                        <div class=\"protfolio__item-text\">\r\n                                                        <span class=\"price rr-el-sub-title\">Plac\u0103 de perete<\/span>\r\n                                                        <h6 class=\"rr-el-box-title\">\r\n                                <a target=\"_blank\" rel=\"nofollow\"\r\n                                    href=\"#\">\r\n                                    Calacatta-pure                                <\/a>\r\n                            <\/h6>\r\n                        <\/div>\r\n                    <\/div>\r\n                <\/div>\r\n                                <div\r\n                    class=\"col-xl-4 col-lg-4 col-md-6 col-sm-12 grid-item WallPanel\">\r\n                    <div class=\"protfolio__item\">\r\n                                                <div class=\"protfolio__item-media \">\r\n                            <img decoding=\"async\" src=\"https:\/\/cliostones.com\/wp-content\/uploads\/2025\/10\/Wall-Panel-Venato-supierior.png\"\r\n                                alt=\"\">\r\n                        <\/div>\r\n                                                <a href=\"https:\/\/cliostones.com\/wp-content\/uploads\/2025\/10\/Wall-Panel-Venato-supierior.png\"\r\n                            class=\"protfolio__item-icon  popup-image\">\r\n                            <svg width=\"54\" height=\"54\" viewBox=\"0 0 54 54\" fill=\"none\"\r\n                                xmlns=\"http:\/\/www.w3.org\/2000\/svg\">\r\n                                <path d=\"M27 2V52\" stroke=\"white\" stroke-width=\"4\" stroke-linecap=\"round\"\r\n                                    stroke-linejoin=\"round\" \/>\r\n                                <path d=\"M2 27H52\" stroke=\"white\" stroke-width=\"4\" stroke-linecap=\"round\"\r\n                                    stroke-linejoin=\"round\" \/>\r\n                            <\/svg>\r\n                        <\/a>\r\n                        <div class=\"protfolio__item-text\">\r\n                                                        <span class=\"price rr-el-sub-title\">Plac\u0103 de perete<\/span>\r\n                                                        <h6 class=\"rr-el-box-title\">\r\n                                <a target=\"_blank\" rel=\"nofollow\"\r\n                                    href=\"#\">\r\n                                    Venato-supierior                                <\/a>\r\n                            <\/h6>\r\n                        <\/div>\r\n                    <\/div>\r\n                <\/div>\r\n                                <div\r\n                    class=\"col-xl-4 col-lg-4 col-md-6 col-sm-12 grid-item WallPanel\">\r\n                    <div class=\"protfolio__item\">\r\n                                                <div class=\"protfolio__item-media \">\r\n                            <img decoding=\"async\" src=\"https:\/\/cliostones.com\/wp-content\/uploads\/2025\/10\/WallPanel-Calacatta-Classic.png\"\r\n                                alt=\"quartz marble-201000438701\">\r\n                        <\/div>\r\n                                                <a href=\"https:\/\/cliostones.com\/wp-content\/uploads\/2025\/10\/WallPanel-Calacatta-Classic.png\"\r\n                            class=\"protfolio__item-icon  popup-image\">\r\n                            <svg width=\"54\" height=\"54\" viewBox=\"0 0 54 54\" fill=\"none\"\r\n                                xmlns=\"http:\/\/www.w3.org\/2000\/svg\">\r\n                                <path d=\"M27 2V52\" stroke=\"white\" stroke-width=\"4\" stroke-linecap=\"round\"\r\n                                    stroke-linejoin=\"round\" \/>\r\n                                <path d=\"M2 27H52\" stroke=\"white\" stroke-width=\"4\" stroke-linecap=\"round\"\r\n                                    stroke-linejoin=\"round\" \/>\r\n                            <\/svg>\r\n                        <\/a>\r\n                        <div class=\"protfolio__item-text\">\r\n                                                        <span class=\"price rr-el-sub-title\">Plac\u0103 de perete<\/span>\r\n                                                        <h6 class=\"rr-el-box-title\">\r\n                                <a target=\"_blank\" rel=\"nofollow\"\r\n                                    href=\"#\">\r\n                                    Calacatta-Classic                                <\/a>\r\n                            <\/h6>\r\n                        <\/div>\r\n                    <\/div>\r\n                <\/div>\r\n                            <\/div>\r\n        <\/div>\r\n    <\/div>\r\n<\/section>\r\n\t\t\t\t<\/div>\n\t\t\t\t<\/div>\n\t\t\t\t<\/div>\n\t\t\t\t<\/div>\n\t\t","protected":false},"excerpt":{"rendered":"<p>Plac\u0103 de perete Black-Base Plac\u0103 de perete calacatta-Super Plac\u0103 de perete Calacatta-Blue Plac\u0103 de perete Calactta-Black Plac\u0103 de perete Bearing Plac\u0103 de perete Aura Plac\u0103 de perete Calacatta-spide Plac\u0103 de perete ibaric-clacatta Plac\u0103 de perete Calacatta-pure Plac\u0103 de perete Venato-supierior Plac\u0103 de perete Calacatta-Classic<\/p>\n","protected":false},"author":1,"featured_media":0,"parent":0,"menu_order":0,"comment_status":"closed","ping_status":"closed","template":"elementor_header_footer","meta":{"footnotes":""},"class_list":["post-7281","page","type-page","status-publish","hentry"],"_links":{"self":[{"href":"https:\/\/cliostones.com\/ro\/wp-json\/wp\/v2\/pages\/7281","targetHints":{"allow":["GET"]}}],"collection":[{"href":"https:\/\/cliostones.com\/ro\/wp-json\/wp\/v2\/pages"}],"about":[{"href":"https:\/\/cliostones.com\/ro\/wp-json\/wp\/v2\/types\/page"}],"author":[{"embeddable":true,"href":"https:\/\/cliostones.com\/ro\/wp-json\/wp\/v2\/users\/1"}],"replies":[{"embeddable":true,"href":"https:\/\/cliostones.com\/ro\/wp-json\/wp\/v2\/comments?post=7281"}],"version-history":[{"count":7,"href":"https:\/\/cliostones.com\/ro\/wp-json\/wp\/v2\/pages\/7281\/revisions"}],"predecessor-version":[{"id":8763,"href":"https:\/\/cliostones.com\/ro\/wp-json\/wp\/v2\/pages\/7281\/revisions\/8763"}],"wp:attachment":[{"href":"https:\/\/cliostones.com\/ro\/wp-json\/wp\/v2\/media?parent=7281"}],"curies":[{"name":"wp","href":"https:\/\/api.w.org\/{rel}","templated":true}]}}